{"id":17744,"date":"2025-07-15T14:32:01","date_gmt":"2025-07-15T11:32:01","guid":{"rendered":"https:\/\/www.ksttukku.fi\/kauppa\/?post_type=product&#038;p=17744"},"modified":"2025-07-15T14:32:16","modified_gmt":"2025-07-15T11:32:16","slug":"valopeili-riflessotondo-80-cm","status":"publish","type":"product","link":"https:\/\/www.ksttukku.fi\/kauppa\/tuote\/valopeili-riflessotondo-80-cm\/","title":{"rendered":"Valopeili RiflessoTondo 80 cm  IP 44"},"content":{"rendered":"<p>Tyylik\u00e4s Riflesso Tondo kaunis py\u00f6re\u00e4 peili, jossa on valo edess\u00e4. Peili\u00e4 kiert\u00e4\u00e4 musta keh\u00e4. Valopeili on paitsi<br \/>\nk\u00e4yt\u00e4nn\u00f6llinen my\u00f6s hyvin n\u00e4ytt\u00e4v\u00e4 sisustuselementti.<\/p>\n<p>IP44<br \/>\n10,8W NW \/ metri<\/p>\n<p>4000K<\/p>\n<p>1500 lumen<br \/>\nHalkaisija\u00a0 800mm<\/p>\n","protected":false},"excerpt":{"rendered":"<p>Tyylik\u00e4s Riflesso Tondo kaunis py\u00f6re\u00e4 peili, jossa on valo edess\u00e4. Peili\u00e4 kiert\u00e4\u00e4 musta keh\u00e4. Valopeili on paitsi k\u00e4yt\u00e4nn\u00f6llinen my\u00f6s hyvin n\u00e4ytt\u00e4v\u00e4 sisustuselementti. IP44 10,8W NW \/ metri 4000K 1500 lumen Halkaisija\u00a0 800mm<\/p>\n","protected":false},"featured_media":17747,"comment_status":"closed","ping_status":"closed","template":"","meta":[],"product_brand":[],"product_cat":[150,237],"product_tag":[],"class_list":{"0":"post-17744","1":"product","2":"type-product","3":"status-publish","4":"has-post-thumbnail","6":"product_cat-kylpyhuone","7":"product_cat-valopeilit","9":"first","10":"instock","11":"taxable","12":"shipping-taxable","13":"purchasable","14":"product-type-simple"},"_links":{"self":[{"href":"https:\/\/www.ksttukku.fi\/kauppa\/wp-json\/wp\/v2\/product\/17744","targetHints":{"allow":["GET"]}}],"collection":[{"href":"https:\/\/www.ksttukku.fi\/kauppa\/wp-json\/wp\/v2\/product"}],"about":[{"href":"https:\/\/www.ksttukku.fi\/kauppa\/wp-json\/wp\/v2\/types\/product"}],"replies":[{"embeddable":true,"href":"https:\/\/www.ksttukku.fi\/kauppa\/wp-json\/wp\/v2\/comments?post=17744"}],"wp:featuredmedia":[{"embeddable":true,"href":"https:\/\/www.ksttukku.fi\/kauppa\/wp-json\/wp\/v2\/media\/17747"}],"wp:attachment":[{"href":"https:\/\/www.ksttukku.fi\/kauppa\/wp-json\/wp\/v2\/media?parent=17744"}],"wp:term":[{"taxonomy":"product_brand","embeddable":true,"href":"https:\/\/www.ksttukku.fi\/kauppa\/wp-json\/wp\/v2\/product_brand?post=17744"},{"taxonomy":"product_cat","embeddable":true,"href":"https:\/\/www.ksttukku.fi\/kauppa\/wp-json\/wp\/v2\/product_cat?post=17744"},{"taxonomy":"product_tag","embeddable":true,"href":"https:\/\/www.ksttukku.fi\/kauppa\/wp-json\/wp\/v2\/product_tag?post=17744"}],"curies":[{"name":"wp","href":"https:\/\/api.w.org\/{rel}","templated":true}]}}