{"id":17754,"date":"2025-07-16T16:23:50","date_gmt":"2025-07-16T13:23:50","guid":{"rendered":"https:\/\/www.ksttukku.fi\/kauppa\/?post_type=product&#038;p=17754"},"modified":"2025-07-16T16:57:09","modified_gmt":"2025-07-16T13:57:09","slug":"trio-kattotuuletinvalaisn-45-cm-valkoinen-13-w","status":"publish","type":"product","link":"https:\/\/www.ksttukku.fi\/kauppa\/tuote\/trio-kattotuuletinvalaisn-45-cm-valkoinen-13-w\/","title":{"rendered":"Trio Kattotuuletinvalaisn 45 cm valkoinen 13 W"},"content":{"rendered":"<p>Valaisinta ja tuuletinta voi s\u00e4\u00e4t\u00e4\u00e4 mukana tulevalla kauko-ohjaimella<\/p>\n<p>Tuulettimessa kolme nopeutta<\/p>\n<p>Y\u00f6valotoiminto<\/p>\n<p>Valon v\u00e4ri\u00e4 (v\u00e4ril\u00e4mp\u00f6tilaa kelvinasteina) voi s\u00e4\u00e4t\u00e4\u00e4 portaattomasti.<\/p>\n<p>V\u00e4ril\u00e4mp\u00f6tila: 2700 &#8211; 6500 K<\/p>\n<p>Valovirta: 1400 lm<\/p>\n<p>Mitat: \u2205 450 mm, korkeus 140 mm<\/p>\n","protected":false},"excerpt":{"rendered":"<p>Valaisinta ja tuuletinta voi s\u00e4\u00e4t\u00e4\u00e4 mukana tulevalla kauko-ohjaimella Tuulettimessa kolme nopeutta Y\u00f6valotoiminto Valon v\u00e4ri\u00e4 (v\u00e4ril\u00e4mp\u00f6tilaa kelvinasteina) voi s\u00e4\u00e4t\u00e4\u00e4 portaattomasti. V\u00e4ril\u00e4mp\u00f6tila: 2700 &#8211; 6500 K Valovirta: 1400 lm Mitat: \u2205 450 mm, korkeus 140 mm<\/p>\n","protected":false},"featured_media":17758,"comment_status":"closed","ping_status":"closed","template":"","meta":[],"product_brand":[],"product_cat":[260,257],"product_tag":[],"class_list":{"0":"post-17754","1":"product","2":"type-product","3":"status-publish","4":"has-post-thumbnail","6":"product_cat-kattotuulettimet","7":"product_cat-tuulettimet-ja-ilmanviilentimet","9":"first","10":"instock","11":"taxable","12":"shipping-taxable","13":"purchasable","14":"product-type-simple"},"_links":{"self":[{"href":"https:\/\/www.ksttukku.fi\/kauppa\/wp-json\/wp\/v2\/product\/17754","targetHints":{"allow":["GET"]}}],"collection":[{"href":"https:\/\/www.ksttukku.fi\/kauppa\/wp-json\/wp\/v2\/product"}],"about":[{"href":"https:\/\/www.ksttukku.fi\/kauppa\/wp-json\/wp\/v2\/types\/product"}],"replies":[{"embeddable":true,"href":"https:\/\/www.ksttukku.fi\/kauppa\/wp-json\/wp\/v2\/comments?post=17754"}],"wp:featuredmedia":[{"embeddable":true,"href":"https:\/\/www.ksttukku.fi\/kauppa\/wp-json\/wp\/v2\/media\/17758"}],"wp:attachment":[{"href":"https:\/\/www.ksttukku.fi\/kauppa\/wp-json\/wp\/v2\/media?parent=17754"}],"wp:term":[{"taxonomy":"product_brand","embeddable":true,"href":"https:\/\/www.ksttukku.fi\/kauppa\/wp-json\/wp\/v2\/product_brand?post=17754"},{"taxonomy":"product_cat","embeddable":true,"href":"https:\/\/www.ksttukku.fi\/kauppa\/wp-json\/wp\/v2\/product_cat?post=17754"},{"taxonomy":"product_tag","embeddable":true,"href":"https:\/\/www.ksttukku.fi\/kauppa\/wp-json\/wp\/v2\/product_tag?post=17754"}],"curies":[{"name":"wp","href":"https:\/\/api.w.org\/{rel}","templated":true}]}}