{"id":17770,"date":"2025-07-17T12:26:33","date_gmt":"2025-07-17T09:26:33","guid":{"rendered":"https:\/\/www.ksttukku.fi\/kauppa\/?post_type=product&#038;p=17770"},"modified":"2025-07-17T12:26:33","modified_gmt":"2025-07-17T09:26:33","slug":"kattotuuletinvalaisin-focuslight-panama-led-o50cm","status":"publish","type":"product","link":"https:\/\/www.ksttukku.fi\/kauppa\/tuote\/kattotuuletinvalaisin-focuslight-panama-led-o50cm\/","title":{"rendered":"Kattotuuletinvalaisin FocusLight Panama Led \u00d850cm,"},"content":{"rendered":"<p>Valaisimessa on CCT toiminto 3000- 5500 K<\/p>\n<p>Valaisinta ja tuuletinta on helppo ohjata mukana tulevalla kaukos\u00e4\u00e4timell\u00e4<\/p>\n<p>Py\u00f6rimissuunnan vaihto<\/p>\n<p>Y\u00f6valotoiminto sek\u00e4 muistitoiminto<\/p>\n<p>Ajastintoiminto ( 1h \/ 2h \/ 4h \/ 8h )<\/p>\n<p>Halkaisija: 500 mm<\/p>\n<p>Korkeus: 148<\/p>\n<p>V\u00e4ri: musta<\/p>\n<p>&nbsp;<\/p>\n<h6><\/h6>\n","protected":false},"excerpt":{"rendered":"<p>Valaisimessa on CCT toiminto 3000- 5500 K Valaisinta ja tuuletinta on helppo ohjata mukana tulevalla kaukos\u00e4\u00e4timell\u00e4 Py\u00f6rimissuunnan vaihto Y\u00f6valotoiminto sek\u00e4 muistitoiminto Ajastintoiminto ( 1h \/ 2h \/ 4h \/ 8h ) Halkaisija: 500 mm Korkeus: 148 V\u00e4ri: musta &nbsp;<\/p>\n","protected":false},"featured_media":17771,"comment_status":"closed","ping_status":"closed","template":"","meta":[],"product_brand":[],"product_cat":[175,34],"product_tag":[],"class_list":{"0":"post-17770","1":"product","2":"type-product","3":"status-publish","4":"has-post-thumbnail","6":"product_cat-tuuletinvalaisimet","7":"product_cat-valaisimet","9":"first","10":"instock","11":"taxable","12":"shipping-taxable","13":"purchasable","14":"product-type-simple"},"_links":{"self":[{"href":"https:\/\/www.ksttukku.fi\/kauppa\/wp-json\/wp\/v2\/product\/17770","targetHints":{"allow":["GET"]}}],"collection":[{"href":"https:\/\/www.ksttukku.fi\/kauppa\/wp-json\/wp\/v2\/product"}],"about":[{"href":"https:\/\/www.ksttukku.fi\/kauppa\/wp-json\/wp\/v2\/types\/product"}],"replies":[{"embeddable":true,"href":"https:\/\/www.ksttukku.fi\/kauppa\/wp-json\/wp\/v2\/comments?post=17770"}],"wp:featuredmedia":[{"embeddable":true,"href":"https:\/\/www.ksttukku.fi\/kauppa\/wp-json\/wp\/v2\/media\/17771"}],"wp:attachment":[{"href":"https:\/\/www.ksttukku.fi\/kauppa\/wp-json\/wp\/v2\/media?parent=17770"}],"wp:term":[{"taxonomy":"product_brand","embeddable":true,"href":"https:\/\/www.ksttukku.fi\/kauppa\/wp-json\/wp\/v2\/product_brand?post=17770"},{"taxonomy":"product_cat","embeddable":true,"href":"https:\/\/www.ksttukku.fi\/kauppa\/wp-json\/wp\/v2\/product_cat?post=17770"},{"taxonomy":"product_tag","embeddable":true,"href":"https:\/\/www.ksttukku.fi\/kauppa\/wp-json\/wp\/v2\/product_tag?post=17770"}],"curies":[{"name":"wp","href":"https:\/\/api.w.org\/{rel}","templated":true}]}}