{"id":17774,"date":"2025-07-17T12:33:32","date_gmt":"2025-07-17T09:33:32","guid":{"rendered":"https:\/\/www.ksttukku.fi\/kauppa\/?post_type=product&#038;p=17774"},"modified":"2025-07-17T12:33:33","modified_gmt":"2025-07-17T09:33:33","slug":"kattotuuletinvalaisin-focuslight-panama-led-o50cm-2","status":"publish","type":"product","link":"https:\/\/www.ksttukku.fi\/kauppa\/tuote\/kattotuuletinvalaisin-focuslight-panama-led-o50cm-2\/","title":{"rendered":"Kattotuuletinvalaisin FocusLight Panama Led \u00d850cm,"},"content":{"rendered":"<p>Valaisimessa on CCT toiminto 3000- 5500 K<\/p>\n<p>Valaisinta ja tuuletinta on helppo ohjata mukana tulevalla kaukos\u00e4\u00e4timell\u00e4<\/p>\n<p>Py\u00f6rimissuunnan vaihto<\/p>\n<p>Y\u00f6valotoiminto sek\u00e4 muistitoiminto<\/p>\n<p>Ajastintoiminto ( 1h \/ 2h \/ 4h \/ 8h )<\/p>\n<p>Halkaisija: 500 mm<\/p>\n<p>Korkeus: 148<\/p>\n<p>V\u00e4ri: valkoinen<\/p>\n","protected":false},"excerpt":{"rendered":"<p>Valaisimessa on CCT toiminto 3000- 5500 K Valaisinta ja tuuletinta on helppo ohjata mukana tulevalla kaukos\u00e4\u00e4timell\u00e4 Py\u00f6rimissuunnan vaihto Y\u00f6valotoiminto sek\u00e4 muistitoiminto Ajastintoiminto ( 1h \/ 2h \/ 4h \/ 8h ) Halkaisija: 500 mm Korkeus: 148 V\u00e4ri: valkoinen<\/p>\n","protected":false},"featured_media":17778,"comment_status":"closed","ping_status":"closed","template":"","meta":[],"product_brand":[],"product_cat":[175,35,34],"product_tag":[],"class_list":{"0":"post-17774","1":"product","2":"type-product","3":"status-publish","4":"has-post-thumbnail","6":"product_cat-tuuletinvalaisimet","7":"product_cat-sisavalaisimet","8":"product_cat-valaisimet","10":"first","11":"instock","12":"taxable","13":"shipping-taxable","14":"purchasable","15":"product-type-simple"},"_links":{"self":[{"href":"https:\/\/www.ksttukku.fi\/kauppa\/wp-json\/wp\/v2\/product\/17774","targetHints":{"allow":["GET"]}}],"collection":[{"href":"https:\/\/www.ksttukku.fi\/kauppa\/wp-json\/wp\/v2\/product"}],"about":[{"href":"https:\/\/www.ksttukku.fi\/kauppa\/wp-json\/wp\/v2\/types\/product"}],"replies":[{"embeddable":true,"href":"https:\/\/www.ksttukku.fi\/kauppa\/wp-json\/wp\/v2\/comments?post=17774"}],"wp:featuredmedia":[{"embeddable":true,"href":"https:\/\/www.ksttukku.fi\/kauppa\/wp-json\/wp\/v2\/media\/17778"}],"wp:attachment":[{"href":"https:\/\/www.ksttukku.fi\/kauppa\/wp-json\/wp\/v2\/media?parent=17774"}],"wp:term":[{"taxonomy":"product_brand","embeddable":true,"href":"https:\/\/www.ksttukku.fi\/kauppa\/wp-json\/wp\/v2\/product_brand?post=17774"},{"taxonomy":"product_cat","embeddable":true,"href":"https:\/\/www.ksttukku.fi\/kauppa\/wp-json\/wp\/v2\/product_cat?post=17774"},{"taxonomy":"product_tag","embeddable":true,"href":"https:\/\/www.ksttukku.fi\/kauppa\/wp-json\/wp\/v2\/product_tag?post=17774"}],"curies":[{"name":"wp","href":"https:\/\/api.w.org\/{rel}","templated":true}]}}