{"id":17782,"date":"2025-07-17T14:38:58","date_gmt":"2025-07-17T11:38:58","guid":{"rendered":"https:\/\/www.ksttukku.fi\/kauppa\/?post_type=product&#038;p=17782"},"modified":"2025-07-17T14:38:58","modified_gmt":"2025-07-17T11:38:58","slug":"kattovalaisin-focuslight-kiira-5-osa-o50cm-valkoinen","status":"publish","type":"product","link":"https:\/\/www.ksttukku.fi\/kauppa\/tuote\/kattovalaisin-focuslight-kiira-5-osa-o50cm-valkoinen\/","title":{"rendered":"Kattovalaisin FocusLight KIIRA 5-osa \u00d850cm, valkoinen"},"content":{"rendered":"<p>Kiira on tyylik\u00e4s kattovalaisin, joka luo tasaisen ja miellytt\u00e4v\u00e4n valon.<\/p>\n<p>Kanta: 5 x E14<\/p>\n<p>Opaalilasikupu<\/p>\n<p>Koukkukiinnitys + pistoke<\/p>\n<p>Halkaisija: 500mm<\/p>\n<p>Materiaali: metalli\/lasi<\/p>\n","protected":false},"excerpt":{"rendered":"<p>Kiira on tyylik\u00e4s kattovalaisin, joka luo tasaisen ja miellytt\u00e4v\u00e4n valon. Kanta: 5 x E14 Opaalilasikupu Koukkukiinnitys + pistoke Halkaisija: 500mm Materiaali: metalli\/lasi<\/p>\n","protected":false},"featured_media":17783,"comment_status":"closed","ping_status":"closed","template":"","meta":[],"product_brand":[],"product_cat":[40,35,34],"product_tag":[],"class_list":{"0":"post-17782","1":"product","2":"type-product","3":"status-publish","4":"has-post-thumbnail","6":"product_cat-kattovalaisimet","7":"product_cat-sisavalaisimet","8":"product_cat-valaisimet","10":"first","11":"instock","12":"taxable","13":"shipping-taxable","14":"purchasable","15":"product-type-simple"},"_links":{"self":[{"href":"https:\/\/www.ksttukku.fi\/kauppa\/wp-json\/wp\/v2\/product\/17782","targetHints":{"allow":["GET"]}}],"collection":[{"href":"https:\/\/www.ksttukku.fi\/kauppa\/wp-json\/wp\/v2\/product"}],"about":[{"href":"https:\/\/www.ksttukku.fi\/kauppa\/wp-json\/wp\/v2\/types\/product"}],"replies":[{"embeddable":true,"href":"https:\/\/www.ksttukku.fi\/kauppa\/wp-json\/wp\/v2\/comments?post=17782"}],"wp:featuredmedia":[{"embeddable":true,"href":"https:\/\/www.ksttukku.fi\/kauppa\/wp-json\/wp\/v2\/media\/17783"}],"wp:attachment":[{"href":"https:\/\/www.ksttukku.fi\/kauppa\/wp-json\/wp\/v2\/media?parent=17782"}],"wp:term":[{"taxonomy":"product_brand","embeddable":true,"href":"https:\/\/www.ksttukku.fi\/kauppa\/wp-json\/wp\/v2\/product_brand?post=17782"},{"taxonomy":"product_cat","embeddable":true,"href":"https:\/\/www.ksttukku.fi\/kauppa\/wp-json\/wp\/v2\/product_cat?post=17782"},{"taxonomy":"product_tag","embeddable":true,"href":"https:\/\/www.ksttukku.fi\/kauppa\/wp-json\/wp\/v2\/product_tag?post=17782"}],"curies":[{"name":"wp","href":"https:\/\/api.w.org\/{rel}","templated":true}]}}