{"id":17796,"date":"2025-07-17T16:17:39","date_gmt":"2025-07-17T13:17:39","guid":{"rendered":"https:\/\/www.ksttukku.fi\/kauppa\/?post_type=product&#038;p=17796"},"modified":"2025-07-17T16:37:43","modified_gmt":"2025-07-17T13:37:43","slug":"cupola-4-os-nelio-kattospotti-musta-kulta","status":"publish","type":"product","link":"https:\/\/www.ksttukku.fi\/kauppa\/tuote\/cupola-4-os-nelio-kattospotti-musta-kulta\/","title":{"rendered":"Cupola 4-os. neli\u00f6 kattospotti musta\/kulta"},"content":{"rendered":"<p>Tyylik\u00e4s mattamusta kattospotti, upealla \u00a0kullanv\u00e4risell\u00e4 heijastuspinnalla ja s\u00e4\u00e4t\u00f6nivelell\u00e4. Spotit s\u00e4\u00e4dett\u00e4viss\u00e4 sivu- ja pystysuunnassa.<\/p>\n<p>Materiaali: metalli<\/p>\n<p>Kanta: 3 x E14<\/p>\n<p>Kiinte\u00e4 asennus rasiaan<\/p>\n","protected":false},"excerpt":{"rendered":"<p>Tyylik\u00e4s mattamusta kattospotti, upealla \u00a0kullanv\u00e4risell\u00e4 heijastuspinnalla ja s\u00e4\u00e4t\u00f6nivelell\u00e4. Spotit s\u00e4\u00e4dett\u00e4viss\u00e4 sivu- ja pystysuunnassa. Materiaali: metalli Kanta: 3 x E14 Kiinte\u00e4 asennus rasiaan<\/p>\n","protected":false},"featured_media":17797,"comment_status":"closed","ping_status":"closed","template":"","meta":[],"product_brand":[],"product_cat":[40,41,35,34],"product_tag":[],"class_list":{"0":"post-17796","1":"product","2":"type-product","3":"status-publish","4":"has-post-thumbnail","6":"product_cat-kattovalaisimet","7":"product_cat-kohdevalaisimet","8":"product_cat-sisavalaisimet","9":"product_cat-valaisimet","11":"first","12":"instock","13":"taxable","14":"shipping-taxable","15":"purchasable","16":"product-type-simple"},"_links":{"self":[{"href":"https:\/\/www.ksttukku.fi\/kauppa\/wp-json\/wp\/v2\/product\/17796","targetHints":{"allow":["GET"]}}],"collection":[{"href":"https:\/\/www.ksttukku.fi\/kauppa\/wp-json\/wp\/v2\/product"}],"about":[{"href":"https:\/\/www.ksttukku.fi\/kauppa\/wp-json\/wp\/v2\/types\/product"}],"replies":[{"embeddable":true,"href":"https:\/\/www.ksttukku.fi\/kauppa\/wp-json\/wp\/v2\/comments?post=17796"}],"wp:featuredmedia":[{"embeddable":true,"href":"https:\/\/www.ksttukku.fi\/kauppa\/wp-json\/wp\/v2\/media\/17797"}],"wp:attachment":[{"href":"https:\/\/www.ksttukku.fi\/kauppa\/wp-json\/wp\/v2\/media?parent=17796"}],"wp:term":[{"taxonomy":"product_brand","embeddable":true,"href":"https:\/\/www.ksttukku.fi\/kauppa\/wp-json\/wp\/v2\/product_brand?post=17796"},{"taxonomy":"product_cat","embeddable":true,"href":"https:\/\/www.ksttukku.fi\/kauppa\/wp-json\/wp\/v2\/product_cat?post=17796"},{"taxonomy":"product_tag","embeddable":true,"href":"https:\/\/www.ksttukku.fi\/kauppa\/wp-json\/wp\/v2\/product_tag?post=17796"}],"curies":[{"name":"wp","href":"https:\/\/api.w.org\/{rel}","templated":true}]}}