{"id":17844,"date":"2025-07-28T17:04:22","date_gmt":"2025-07-28T14:04:22","guid":{"rendered":"https:\/\/www.ksttukku.fi\/kauppa\/?post_type=product&#038;p=17844"},"modified":"2025-07-31T12:21:09","modified_gmt":"2025-07-31T09:21:09","slug":"peilikaappi-bianco","status":"publish","type":"product","link":"https:\/\/www.ksttukku.fi\/kauppa\/tuote\/peilikaappi-bianco\/","title":{"rendered":"Peilikaappi Bianco"},"content":{"rendered":"<p>Valkoinen peilikaappi\u00a0 <\/p>\n<p>Kest\u00e4v\u00e4 kalustelevy<\/p>\n<p>kaksi lasihylly\u00e4 pehme\u00e4sti sulkeutuvat ovet<\/p>\n<p>syvyys: 14,5 cm<\/p>\n<p>Korkeus: 70 cm<\/p>\n","protected":false},"excerpt":{"rendered":"<p>Valkoinen peilikaappi\u00a0 Kest\u00e4v\u00e4 kalustelevy kaksi lasihylly\u00e4 pehme\u00e4sti sulkeutuvat ovet syvyys: 14,5 cm Korkeus: 70 cm<\/p>\n","protected":false},"featured_media":17847,"comment_status":"closed","ping_status":"closed","template":"","meta":[],"product_brand":[],"product_cat":[150,152],"product_tag":[],"class_list":{"0":"post-17844","1":"product","2":"type-product","3":"status-publish","4":"has-post-thumbnail","6":"product_cat-kylpyhuone","7":"product_cat-peilikaapit","9":"first","10":"instock","11":"taxable","12":"shipping-taxable","13":"purchasable","14":"product-type-variable"},"_links":{"self":[{"href":"https:\/\/www.ksttukku.fi\/kauppa\/wp-json\/wp\/v2\/product\/17844","targetHints":{"allow":["GET"]}}],"collection":[{"href":"https:\/\/www.ksttukku.fi\/kauppa\/wp-json\/wp\/v2\/product"}],"about":[{"href":"https:\/\/www.ksttukku.fi\/kauppa\/wp-json\/wp\/v2\/types\/product"}],"replies":[{"embeddable":true,"href":"https:\/\/www.ksttukku.fi\/kauppa\/wp-json\/wp\/v2\/comments?post=17844"}],"wp:featuredmedia":[{"embeddable":true,"href":"https:\/\/www.ksttukku.fi\/kauppa\/wp-json\/wp\/v2\/media\/17847"}],"wp:attachment":[{"href":"https:\/\/www.ksttukku.fi\/kauppa\/wp-json\/wp\/v2\/media?parent=17844"}],"wp:term":[{"taxonomy":"product_brand","embeddable":true,"href":"https:\/\/www.ksttukku.fi\/kauppa\/wp-json\/wp\/v2\/product_brand?post=17844"},{"taxonomy":"product_cat","embeddable":true,"href":"https:\/\/www.ksttukku.fi\/kauppa\/wp-json\/wp\/v2\/product_cat?post=17844"},{"taxonomy":"product_tag","embeddable":true,"href":"https:\/\/www.ksttukku.fi\/kauppa\/wp-json\/wp\/v2\/product_tag?post=17844"}],"curies":[{"name":"wp","href":"https:\/\/api.w.org\/{rel}","templated":true}]}}