{"id":17898,"date":"2025-07-29T16:35:18","date_gmt":"2025-07-29T13:35:18","guid":{"rendered":"https:\/\/www.ksttukku.fi\/kauppa\/?post_type=product&#038;p=17898"},"modified":"2025-07-29T16:35:59","modified_gmt":"2025-07-29T13:35:59","slug":"kimber-riippuvalaisin-mattamessinki","status":"publish","type":"product","link":"https:\/\/www.ksttukku.fi\/kauppa\/tuote\/kimber-riippuvalaisin-mattamessinki\/","title":{"rendered":"Kimber riippuvalaisin mattamessinki"},"content":{"rendered":"<p>Tehokas designvalaisin kompaktissa koossa \u2013 Kimber. Minimalistinen kupu k\u00e4tkee sis\u00e4\u00e4ns\u00e4 LED-valonl\u00e4hteen, joka tuottaa h\u00e4mment\u00e4v\u00e4n hyv\u00e4n valotehon! Kimber-kattovalaisin on todella kaunis kokonaisuus.<\/p>\n<p>Klassinen ja niin kaunis Kimber on helppo asentaa kattopistorasiaan koukkukiinnityksen avulla.<\/p>\n<p>Halkaisija: 30 cm<br \/>\nKiinte\u00e4 LED: 17 W (sis\u00e4ltyy)<br \/>\n910 lm<br \/>\n3000 K<br \/>\nJohdon pituus: 3 m (s\u00e4\u00e4dett\u00e4viss\u00e4)<br \/>\nKoukkukiinnitys ja valaisinpistotulppa<br \/>\nTRIAC-himmennett\u00e4v\u00e4<\/p>\n","protected":false},"excerpt":{"rendered":"<p>Tehokas designvalaisin kompaktissa koossa \u2013 Kimber. Minimalistinen kupu k\u00e4tkee sis\u00e4\u00e4ns\u00e4 LED-valonl\u00e4hteen, joka tuottaa h\u00e4mment\u00e4v\u00e4n hyv\u00e4n valotehon! Kimber-kattovalaisin on todella kaunis kokonaisuus. Klassinen ja niin kaunis Kimber on helppo asentaa kattopistorasiaan koukkukiinnityksen avulla. Halkaisija: 30 cm Kiinte\u00e4 LED: 17 W (sis\u00e4ltyy) 910 lm 3000 K Johdon pituus: 3 m (s\u00e4\u00e4dett\u00e4viss\u00e4) Koukkukiinnitys ja valaisinpistotulppa TRIAC-himmennett\u00e4v\u00e4<\/p>\n","protected":false},"featured_media":17900,"comment_status":"closed","ping_status":"closed","template":"","meta":[],"product_brand":[],"product_cat":[49,35,34],"product_tag":[],"class_list":{"0":"post-17898","1":"product","2":"type-product","3":"status-publish","4":"has-post-thumbnail","6":"product_cat-riippuvalaisimet","7":"product_cat-sisavalaisimet","8":"product_cat-valaisimet","10":"first","11":"instock","12":"taxable","13":"shipping-taxable","14":"purchasable","15":"product-type-simple"},"_links":{"self":[{"href":"https:\/\/www.ksttukku.fi\/kauppa\/wp-json\/wp\/v2\/product\/17898","targetHints":{"allow":["GET"]}}],"collection":[{"href":"https:\/\/www.ksttukku.fi\/kauppa\/wp-json\/wp\/v2\/product"}],"about":[{"href":"https:\/\/www.ksttukku.fi\/kauppa\/wp-json\/wp\/v2\/types\/product"}],"replies":[{"embeddable":true,"href":"https:\/\/www.ksttukku.fi\/kauppa\/wp-json\/wp\/v2\/comments?post=17898"}],"wp:featuredmedia":[{"embeddable":true,"href":"https:\/\/www.ksttukku.fi\/kauppa\/wp-json\/wp\/v2\/media\/17900"}],"wp:attachment":[{"href":"https:\/\/www.ksttukku.fi\/kauppa\/wp-json\/wp\/v2\/media?parent=17898"}],"wp:term":[{"taxonomy":"product_brand","embeddable":true,"href":"https:\/\/www.ksttukku.fi\/kauppa\/wp-json\/wp\/v2\/product_brand?post=17898"},{"taxonomy":"product_cat","embeddable":true,"href":"https:\/\/www.ksttukku.fi\/kauppa\/wp-json\/wp\/v2\/product_cat?post=17898"},{"taxonomy":"product_tag","embeddable":true,"href":"https:\/\/www.ksttukku.fi\/kauppa\/wp-json\/wp\/v2\/product_tag?post=17898"}],"curies":[{"name":"wp","href":"https:\/\/api.w.org\/{rel}","templated":true}]}}