{"id":17901,"date":"2025-07-29T16:46:07","date_gmt":"2025-07-29T13:46:07","guid":{"rendered":"https:\/\/www.ksttukku.fi\/kauppa\/?post_type=product&#038;p=17901"},"modified":"2025-07-30T11:37:08","modified_gmt":"2025-07-30T08:37:08","slug":"kimber-poytavalaisin-valkoinen","status":"publish","type":"product","link":"https:\/\/www.ksttukku.fi\/kauppa\/tuote\/kimber-poytavalaisin-valkoinen\/","title":{"rendered":"Kimber p\u00f6yt\u00e4valaisin valkoinen"},"content":{"rendered":"<p>Tuo designia p\u00f6yd\u00e4llesi upealla Kimber-p\u00f6yt\u00e4valaisimella.<\/p>\n<p>Siro kupu, mutta jonka suuri pinta-ala takaa tasaisen ja tehokkaan valon.<\/p>\n<p>Korkeus: 51 cm<br \/>\nHalkaisija: 40 cm<br \/>\nKiinte\u00e4 LED, 21 W (sis\u00e4ltyy)<br \/>\n1500 lm<br \/>\n3000 K<br \/>\nVirtakytkin: Johdossa<\/p>\n","protected":false},"excerpt":{"rendered":"<p>Tuo designia p\u00f6yd\u00e4llesi upealla Kimber-p\u00f6yt\u00e4valaisimella. Siro kupu, mutta jonka suuri pinta-ala takaa tasaisen ja tehokkaan valon. Korkeus: 51 cm Halkaisija: 40 cm Kiinte\u00e4 LED, 21 W (sis\u00e4ltyy) 1500 lm 3000 K Virtakytkin: Johdossa<\/p>\n","protected":false},"featured_media":17902,"comment_status":"closed","ping_status":"closed","template":"","meta":[],"product_brand":[],"product_cat":[44,35,34],"product_tag":[],"class_list":{"0":"post-17901","1":"product","2":"type-product","3":"status-publish","4":"has-post-thumbnail","6":"product_cat-poytavalaisimet","7":"product_cat-sisavalaisimet","8":"product_cat-valaisimet","10":"first","11":"instock","12":"taxable","13":"shipping-taxable","14":"purchasable","15":"product-type-simple"},"_links":{"self":[{"href":"https:\/\/www.ksttukku.fi\/kauppa\/wp-json\/wp\/v2\/product\/17901","targetHints":{"allow":["GET"]}}],"collection":[{"href":"https:\/\/www.ksttukku.fi\/kauppa\/wp-json\/wp\/v2\/product"}],"about":[{"href":"https:\/\/www.ksttukku.fi\/kauppa\/wp-json\/wp\/v2\/types\/product"}],"replies":[{"embeddable":true,"href":"https:\/\/www.ksttukku.fi\/kauppa\/wp-json\/wp\/v2\/comments?post=17901"}],"wp:featuredmedia":[{"embeddable":true,"href":"https:\/\/www.ksttukku.fi\/kauppa\/wp-json\/wp\/v2\/media\/17902"}],"wp:attachment":[{"href":"https:\/\/www.ksttukku.fi\/kauppa\/wp-json\/wp\/v2\/media?parent=17901"}],"wp:term":[{"taxonomy":"product_brand","embeddable":true,"href":"https:\/\/www.ksttukku.fi\/kauppa\/wp-json\/wp\/v2\/product_brand?post=17901"},{"taxonomy":"product_cat","embeddable":true,"href":"https:\/\/www.ksttukku.fi\/kauppa\/wp-json\/wp\/v2\/product_cat?post=17901"},{"taxonomy":"product_tag","embeddable":true,"href":"https:\/\/www.ksttukku.fi\/kauppa\/wp-json\/wp\/v2\/product_tag?post=17901"}],"curies":[{"name":"wp","href":"https:\/\/api.w.org\/{rel}","templated":true}]}}