{"id":17919,"date":"2025-07-30T17:23:45","date_gmt":"2025-07-30T14:23:45","guid":{"rendered":"https:\/\/www.ksttukku.fi\/kauppa\/?post_type=product&#038;p=17919"},"modified":"2025-07-31T10:11:32","modified_gmt":"2025-07-31T07:11:32","slug":"laurent-riippuvalaisin-bambu","status":"publish","type":"product","link":"https:\/\/www.ksttukku.fi\/kauppa\/tuote\/laurent-riippuvalaisin-bambu\/","title":{"rendered":"Laurent riippuvalaisin Bambu"},"content":{"rendered":"<p>Bambun luonnollinen kauneus ja mustan v\u00e4rin elegantti kontrasti luovat upean visuaalisen vaikutelman<\/p>\n<p>Varjostin punottu bambusta luoden pehme\u00e4n valon ymp\u00e4rist\u00f6\u00f6n.<\/p>\n<p>Ripustuskorkeus s\u00e4\u00e4dett\u00e4viss\u00e4 ,maksimikorkeus 150 .<\/p>\n<p>Kiinnitysreikien v\u00e4li 78mm<\/p>\n<p>Halkaisija: 400 mm<\/p>\n<p>Kanta: E27<\/p>\n","protected":false},"excerpt":{"rendered":"<p>Bambun luonnollinen kauneus ja mustan v\u00e4rin elegantti kontrasti luovat upean visuaalisen vaikutelman Varjostin punottu bambusta luoden pehme\u00e4n valon ymp\u00e4rist\u00f6\u00f6n. Ripustuskorkeus s\u00e4\u00e4dett\u00e4viss\u00e4 ,maksimikorkeus 150 . Kiinnitysreikien v\u00e4li 78mm Halkaisija: 400 mm Kanta: E27<\/p>\n","protected":false},"featured_media":17921,"comment_status":"closed","ping_status":"closed","template":"","meta":[],"product_brand":[],"product_cat":[49,35,34],"product_tag":[],"class_list":{"0":"post-17919","1":"product","2":"type-product","3":"status-publish","4":"has-post-thumbnail","6":"product_cat-riippuvalaisimet","7":"product_cat-sisavalaisimet","8":"product_cat-valaisimet","10":"first","11":"instock","12":"taxable","13":"shipping-taxable","14":"purchasable","15":"product-type-simple"},"_links":{"self":[{"href":"https:\/\/www.ksttukku.fi\/kauppa\/wp-json\/wp\/v2\/product\/17919","targetHints":{"allow":["GET"]}}],"collection":[{"href":"https:\/\/www.ksttukku.fi\/kauppa\/wp-json\/wp\/v2\/product"}],"about":[{"href":"https:\/\/www.ksttukku.fi\/kauppa\/wp-json\/wp\/v2\/types\/product"}],"replies":[{"embeddable":true,"href":"https:\/\/www.ksttukku.fi\/kauppa\/wp-json\/wp\/v2\/comments?post=17919"}],"wp:featuredmedia":[{"embeddable":true,"href":"https:\/\/www.ksttukku.fi\/kauppa\/wp-json\/wp\/v2\/media\/17921"}],"wp:attachment":[{"href":"https:\/\/www.ksttukku.fi\/kauppa\/wp-json\/wp\/v2\/media?parent=17919"}],"wp:term":[{"taxonomy":"product_brand","embeddable":true,"href":"https:\/\/www.ksttukku.fi\/kauppa\/wp-json\/wp\/v2\/product_brand?post=17919"},{"taxonomy":"product_cat","embeddable":true,"href":"https:\/\/www.ksttukku.fi\/kauppa\/wp-json\/wp\/v2\/product_cat?post=17919"},{"taxonomy":"product_tag","embeddable":true,"href":"https:\/\/www.ksttukku.fi\/kauppa\/wp-json\/wp\/v2\/product_tag?post=17919"}],"curies":[{"name":"wp","href":"https:\/\/api.w.org\/{rel}","templated":true}]}}