{"id":17935,"date":"2025-08-01T14:14:57","date_gmt":"2025-08-01T11:14:57","guid":{"rendered":"https:\/\/www.ksttukku.fi\/kauppa\/?post_type=product&#038;p=17935"},"modified":"2025-08-01T14:32:55","modified_gmt":"2025-08-01T11:32:55","slug":"traveller-lattiavalaisin-puhdas-harmaa-ultimate-grey","status":"publish","type":"product","link":"https:\/\/www.ksttukku.fi\/kauppa\/tuote\/traveller-lattiavalaisin-puhdas-harmaa-ultimate-grey\/","title":{"rendered":"TRAVELLER  Lattiavalaisin Puhdas harmaa (ultimate grey)"},"content":{"rendered":"<p>TRAVELLER-lattiavalaisimessa yhdistyv\u00e4t tyylik\u00e4s muotoilu, joustava toiminnallisuus ja ylelliset yksityiskohdat. Erityisen huomionarvoinen on sen s\u00e4\u00e4dett\u00e4v\u00e4 varsi, jonka avulla valaisin voidaan mukauttaa yksil\u00f6llisesti<\/p>\n<p>Varjostin ja runko ovat modernin l\u00e4mpim\u00e4n harmaita, ja ne voidaan yhdist\u00e4\u00e4 harmonisesti erilaisiin sisustustyyleihin.<\/p>\n<p>Materiaali: metalli<\/p>\n<p>Kanta: E27<\/p>\n<p>Korkeus: 145 cm<\/p>\n","protected":false},"excerpt":{"rendered":"<p>TRAVELLER-lattiavalaisimessa yhdistyv\u00e4t tyylik\u00e4s muotoilu, joustava toiminnallisuus ja ylelliset yksityiskohdat. Erityisen huomionarvoinen on sen s\u00e4\u00e4dett\u00e4v\u00e4 varsi, jonka avulla valaisin voidaan mukauttaa yksil\u00f6llisesti Varjostin ja runko ovat modernin l\u00e4mpim\u00e4n harmaita, ja ne voidaan yhdist\u00e4\u00e4 harmonisesti erilaisiin sisustustyyleihin. Materiaali: metalli Kanta: E27 Korkeus: 145 cm<\/p>\n","protected":false},"featured_media":17937,"comment_status":"closed","ping_status":"closed","template":"","meta":[],"product_brand":[],"product_cat":[43,35,34],"product_tag":[],"class_list":{"0":"post-17935","1":"product","2":"type-product","3":"status-publish","4":"has-post-thumbnail","6":"product_cat-lattiavalaisimet","7":"product_cat-sisavalaisimet","8":"product_cat-valaisimet","10":"first","11":"instock","12":"taxable","13":"shipping-taxable","14":"purchasable","15":"product-type-simple"},"_links":{"self":[{"href":"https:\/\/www.ksttukku.fi\/kauppa\/wp-json\/wp\/v2\/product\/17935","targetHints":{"allow":["GET"]}}],"collection":[{"href":"https:\/\/www.ksttukku.fi\/kauppa\/wp-json\/wp\/v2\/product"}],"about":[{"href":"https:\/\/www.ksttukku.fi\/kauppa\/wp-json\/wp\/v2\/types\/product"}],"replies":[{"embeddable":true,"href":"https:\/\/www.ksttukku.fi\/kauppa\/wp-json\/wp\/v2\/comments?post=17935"}],"wp:featuredmedia":[{"embeddable":true,"href":"https:\/\/www.ksttukku.fi\/kauppa\/wp-json\/wp\/v2\/media\/17937"}],"wp:attachment":[{"href":"https:\/\/www.ksttukku.fi\/kauppa\/wp-json\/wp\/v2\/media?parent=17935"}],"wp:term":[{"taxonomy":"product_brand","embeddable":true,"href":"https:\/\/www.ksttukku.fi\/kauppa\/wp-json\/wp\/v2\/product_brand?post=17935"},{"taxonomy":"product_cat","embeddable":true,"href":"https:\/\/www.ksttukku.fi\/kauppa\/wp-json\/wp\/v2\/product_cat?post=17935"},{"taxonomy":"product_tag","embeddable":true,"href":"https:\/\/www.ksttukku.fi\/kauppa\/wp-json\/wp\/v2\/product_tag?post=17935"}],"curies":[{"name":"wp","href":"https:\/\/api.w.org\/{rel}","templated":true}]}}