{"id":17953,"date":"2025-08-01T15:09:04","date_gmt":"2025-08-01T12:09:04","guid":{"rendered":"https:\/\/www.ksttukku.fi\/kauppa\/?post_type=product&#038;p=17953"},"modified":"2025-08-01T15:10:20","modified_gmt":"2025-08-01T12:10:20","slug":"traveller-seinavalaisin-puhdas-harmaa-ultimate-grey","status":"publish","type":"product","link":"https:\/\/www.ksttukku.fi\/kauppa\/tuote\/traveller-seinavalaisin-puhdas-harmaa-ultimate-grey\/","title":{"rendered":"Traveller sein\u00e4valaisin Puhdas harmaa (ultimate grey)"},"content":{"rendered":"<p>TRAVELLER-sein\u00e4valaisimessa yhdistyv\u00e4t tyylik\u00e4s muotoilu, joustava toiminnallisuus ja ylelliset yksityiskohdat<\/p>\n<p>Varjostin ja runko ovat modernin puhdas harmaa (ultimate grey)<\/p>\n<p>Mattapintainen messinkinen valaisinvarsi tuo tyylikk\u00e4\u00e4n korostuksen<\/p>\n<p>Kanta: E27<\/p>\n<p>Leveys: 20 cm<\/p>\n<p>Korkeus: 38 cm<\/p>\n<p>Materiaali: metalli<\/p>\n","protected":false},"excerpt":{"rendered":"<p>TRAVELLER-sein\u00e4valaisimessa yhdistyv\u00e4t tyylik\u00e4s muotoilu, joustava toiminnallisuus ja ylelliset yksityiskohdat Varjostin ja runko ovat modernin puhdas harmaa (ultimate grey) Mattapintainen messinkinen valaisinvarsi tuo tyylikk\u00e4\u00e4n korostuksen Kanta: E27 Leveys: 20 cm Korkeus: 38 cm Materiaali: metalli<\/p>\n","protected":false},"featured_media":17957,"comment_status":"closed","ping_status":"closed","template":"","meta":[],"product_brand":[],"product_cat":[42,35,34],"product_tag":[],"class_list":{"0":"post-17953","1":"product","2":"type-product","3":"status-publish","4":"has-post-thumbnail","6":"product_cat-seinavalaisimet-sisavalaisimet","7":"product_cat-sisavalaisimet","8":"product_cat-valaisimet","10":"first","11":"instock","12":"taxable","13":"shipping-taxable","14":"purchasable","15":"product-type-simple"},"_links":{"self":[{"href":"https:\/\/www.ksttukku.fi\/kauppa\/wp-json\/wp\/v2\/product\/17953","targetHints":{"allow":["GET"]}}],"collection":[{"href":"https:\/\/www.ksttukku.fi\/kauppa\/wp-json\/wp\/v2\/product"}],"about":[{"href":"https:\/\/www.ksttukku.fi\/kauppa\/wp-json\/wp\/v2\/types\/product"}],"replies":[{"embeddable":true,"href":"https:\/\/www.ksttukku.fi\/kauppa\/wp-json\/wp\/v2\/comments?post=17953"}],"wp:featuredmedia":[{"embeddable":true,"href":"https:\/\/www.ksttukku.fi\/kauppa\/wp-json\/wp\/v2\/media\/17957"}],"wp:attachment":[{"href":"https:\/\/www.ksttukku.fi\/kauppa\/wp-json\/wp\/v2\/media?parent=17953"}],"wp:term":[{"taxonomy":"product_brand","embeddable":true,"href":"https:\/\/www.ksttukku.fi\/kauppa\/wp-json\/wp\/v2\/product_brand?post=17953"},{"taxonomy":"product_cat","embeddable":true,"href":"https:\/\/www.ksttukku.fi\/kauppa\/wp-json\/wp\/v2\/product_cat?post=17953"},{"taxonomy":"product_tag","embeddable":true,"href":"https:\/\/www.ksttukku.fi\/kauppa\/wp-json\/wp\/v2\/product_tag?post=17953"}],"curies":[{"name":"wp","href":"https:\/\/api.w.org\/{rel}","templated":true}]}}