{"id":17963,"date":"2025-08-01T16:01:41","date_gmt":"2025-08-01T13:01:41","guid":{"rendered":"https:\/\/www.ksttukku.fi\/kauppa\/?post_type=product&#038;p=17963"},"modified":"2025-08-01T16:01:41","modified_gmt":"2025-08-01T13:01:41","slug":"traveller-poytavalaisin-puhdas-harmaa-ultimate-grey","status":"publish","type":"product","link":"https:\/\/www.ksttukku.fi\/kauppa\/tuote\/traveller-poytavalaisin-puhdas-harmaa-ultimate-grey\/","title":{"rendered":"Traveller p\u00f6yt\u00e4valaisin Puhdas harmaa (ultimate grey)"},"content":{"rendered":"<p>TRAVELLER-p\u00f6yt\u00e4valaisimessa yhdistyv\u00e4t tyylik\u00e4s muotoilu, joustava toiminnallisuus ja ylelliset yksityiskohdat<\/p>\n<p>&nbsp;Erityisen huomionarvoinen on sen s\u00e4\u00e4dett\u00e4v\u00e4 varsi<\/p>\n<p>Mattapintainen messinkinen valaisinvarsi tuo tyylikk\u00e4\u00e4n korostuksen<\/p>\n<p>Kanta: E27<\/p>\n<p>Korkeus: 54 cm<\/p>\n","protected":false},"excerpt":{"rendered":"<p>TRAVELLER-p\u00f6yt\u00e4valaisimessa yhdistyv\u00e4t tyylik\u00e4s muotoilu, joustava toiminnallisuus ja ylelliset yksityiskohdat &nbsp;Erityisen huomionarvoinen on sen s\u00e4\u00e4dett\u00e4v\u00e4 varsi Mattapintainen messinkinen valaisinvarsi tuo tyylikk\u00e4\u00e4n korostuksen Kanta: E27 Korkeus: 54 cm<\/p>\n","protected":false},"featured_media":17968,"comment_status":"closed","ping_status":"closed","template":"","meta":[],"product_brand":[],"product_cat":[44,35,34],"product_tag":[],"class_list":{"0":"post-17963","1":"product","2":"type-product","3":"status-publish","4":"has-post-thumbnail","6":"product_cat-poytavalaisimet","7":"product_cat-sisavalaisimet","8":"product_cat-valaisimet","10":"first","11":"instock","12":"taxable","13":"shipping-taxable","14":"purchasable","15":"product-type-simple"},"_links":{"self":[{"href":"https:\/\/www.ksttukku.fi\/kauppa\/wp-json\/wp\/v2\/product\/17963","targetHints":{"allow":["GET"]}}],"collection":[{"href":"https:\/\/www.ksttukku.fi\/kauppa\/wp-json\/wp\/v2\/product"}],"about":[{"href":"https:\/\/www.ksttukku.fi\/kauppa\/wp-json\/wp\/v2\/types\/product"}],"replies":[{"embeddable":true,"href":"https:\/\/www.ksttukku.fi\/kauppa\/wp-json\/wp\/v2\/comments?post=17963"}],"wp:featuredmedia":[{"embeddable":true,"href":"https:\/\/www.ksttukku.fi\/kauppa\/wp-json\/wp\/v2\/media\/17968"}],"wp:attachment":[{"href":"https:\/\/www.ksttukku.fi\/kauppa\/wp-json\/wp\/v2\/media?parent=17963"}],"wp:term":[{"taxonomy":"product_brand","embeddable":true,"href":"https:\/\/www.ksttukku.fi\/kauppa\/wp-json\/wp\/v2\/product_brand?post=17963"},{"taxonomy":"product_cat","embeddable":true,"href":"https:\/\/www.ksttukku.fi\/kauppa\/wp-json\/wp\/v2\/product_cat?post=17963"},{"taxonomy":"product_tag","embeddable":true,"href":"https:\/\/www.ksttukku.fi\/kauppa\/wp-json\/wp\/v2\/product_tag?post=17963"}],"curies":[{"name":"wp","href":"https:\/\/api.w.org\/{rel}","templated":true}]}}