{"id":17990,"date":"2025-08-05T16:24:32","date_gmt":"2025-08-05T13:24:32","guid":{"rendered":"https:\/\/www.ksttukku.fi\/kauppa\/?post_type=product&#038;p=17990"},"modified":"2025-08-05T16:25:56","modified_gmt":"2025-08-05T13:25:56","slug":"airtools-otsonaattori-4000mg-hr-dc-12v","status":"publish","type":"product","link":"https:\/\/www.ksttukku.fi\/kauppa\/tuote\/airtools-otsonaattori-4000mg-hr-dc-12v\/","title":{"rendered":"AIrtools otsonaattori 4000mg\/hr DC 12V"},"content":{"rendered":"<p>DC12V Otsonoinnilla voidaan autoista, veneist\u00e4, asuntovaunuista yms.<br \/>\nkohteista poistaa hajuja ja ummehtuneisuutta ja osaltaan desinfioida<br \/>\nkohdetta. T\u00e4m\u00e4 malli Auton tupakansytytin pistokkeella DC 12V.<br \/>\nOtsoni tehoaa eloper\u00e4isiin hajuihin. Otsoni tuhoaa kaikkia tunnettuja homeja<br \/>\nhiivasieni\u00e4 sek\u00e4 bakteereja. Optimaalinen autolle, asuntovaunulle,<br \/>\nveneelle.<\/p>\n","protected":false},"excerpt":{"rendered":"<p>DC12V Otsonoinnilla voidaan autoista, veneist\u00e4, asuntovaunuista yms. kohteista poistaa hajuja ja ummehtuneisuutta ja osaltaan desinfioida kohdetta. T\u00e4m\u00e4 malli Auton tupakansytytin pistokkeella DC 12V. Otsoni tehoaa eloper\u00e4isiin hajuihin. Otsoni tuhoaa kaikkia tunnettuja homeja hiivasieni\u00e4 sek\u00e4 bakteereja. Optimaalinen autolle, asuntovaunulle, veneelle.<\/p>\n","protected":false},"featured_media":17991,"comment_status":"closed","ping_status":"closed","template":"","meta":[],"product_brand":[],"product_cat":[207,356],"product_tag":[],"class_list":{"0":"post-17990","1":"product","2":"type-product","3":"status-publish","4":"has-post-thumbnail","6":"product_cat-koneet-tyokalut","7":"product_cat-otsonaattorit","9":"first","10":"instock","11":"taxable","12":"shipping-taxable","13":"purchasable","14":"product-type-simple"},"_links":{"self":[{"href":"https:\/\/www.ksttukku.fi\/kauppa\/wp-json\/wp\/v2\/product\/17990","targetHints":{"allow":["GET"]}}],"collection":[{"href":"https:\/\/www.ksttukku.fi\/kauppa\/wp-json\/wp\/v2\/product"}],"about":[{"href":"https:\/\/www.ksttukku.fi\/kauppa\/wp-json\/wp\/v2\/types\/product"}],"replies":[{"embeddable":true,"href":"https:\/\/www.ksttukku.fi\/kauppa\/wp-json\/wp\/v2\/comments?post=17990"}],"wp:featuredmedia":[{"embeddable":true,"href":"https:\/\/www.ksttukku.fi\/kauppa\/wp-json\/wp\/v2\/media\/17991"}],"wp:attachment":[{"href":"https:\/\/www.ksttukku.fi\/kauppa\/wp-json\/wp\/v2\/media?parent=17990"}],"wp:term":[{"taxonomy":"product_brand","embeddable":true,"href":"https:\/\/www.ksttukku.fi\/kauppa\/wp-json\/wp\/v2\/product_brand?post=17990"},{"taxonomy":"product_cat","embeddable":true,"href":"https:\/\/www.ksttukku.fi\/kauppa\/wp-json\/wp\/v2\/product_cat?post=17990"},{"taxonomy":"product_tag","embeddable":true,"href":"https:\/\/www.ksttukku.fi\/kauppa\/wp-json\/wp\/v2\/product_tag?post=17990"}],"curies":[{"name":"wp","href":"https:\/\/api.w.org\/{rel}","templated":true}]}}