{"id":17998,"date":"2025-08-06T15:17:08","date_gmt":"2025-08-06T12:17:08","guid":{"rendered":"https:\/\/www.ksttukku.fi\/kauppa\/?post_type=product&#038;p=17998"},"modified":"2025-08-06T15:17:08","modified_gmt":"2025-08-06T12:17:08","slug":"tilda-lattiavalaisin-musta","status":"publish","type":"product","link":"https:\/\/www.ksttukku.fi\/kauppa\/tuote\/tilda-lattiavalaisin-musta\/","title":{"rendered":"Tilda lattiavalaisin musta"},"content":{"rendered":"<p>Lattiavalaisin, jonka kauniit yksityiskohdat tekev\u00e4t huolitellun ulkomuodon ja matta musta v\u00e4ritys luo tyylikk\u00e4\u00e4n vaikutuksen. Satiini kromi ja matta musta sopivat n\u00e4in kauniisti yhteen. Taipuva varsi jolla kohdistat valon juuri sinne minne haluat.&nbsp; Huomaa varjostinosan koristeet ja muotoilu, jotka antavat tyylikk\u00e4\u00e4n viimeistelyn t\u00e4lle erinomaiselle lukuvalolle. Tilda on tukeva, mutta silti helppo siirrell\u00e4 paikasta toiseen \u2013 toimii kodin jokaisessa tilassa, jossa tarvitaan hyv\u00e4\u00e4 yleisvaloa.&nbsp;<\/p>\n<p>Materiaali: Metalli<\/p>\n<p>V\u00e4ri:&nbsp; Satiini kromi ja matta musta<\/p>\n<p>Mitat: Korkeus 138 cm, varjo 13 cm, lattiaosa halk. 20 cm<\/p>\n<p>Valol\u00e4hde: E27 , max 40 W<\/p>\n<p>Asennus: V\u00e4likytkinjohto, 1,8 m musta.<\/p>\n","protected":false},"excerpt":{"rendered":"<p>Lattiavalaisin, jonka kauniit yksityiskohdat tekev\u00e4t huolitellun ulkomuodon ja matta musta v\u00e4ritys luo tyylikk\u00e4\u00e4n vaikutuksen. Satiini kromi ja matta musta sopivat n\u00e4in kauniisti yhteen. Taipuva varsi jolla kohdistat valon juuri sinne minne haluat.&nbsp; Huomaa varjostinosan koristeet ja muotoilu, jotka antavat tyylikk\u00e4\u00e4n viimeistelyn t\u00e4lle erinomaiselle lukuvalolle. Tilda on tukeva, mutta silti helppo siirrell\u00e4 paikasta toiseen \u2013 toimii [&hellip;]<\/p>\n","protected":false},"featured_media":18000,"comment_status":"closed","ping_status":"closed","template":"","meta":[],"product_brand":[],"product_cat":[43,35,34],"product_tag":[],"class_list":{"0":"post-17998","1":"product","2":"type-product","3":"status-publish","4":"has-post-thumbnail","6":"product_cat-lattiavalaisimet","7":"product_cat-sisavalaisimet","8":"product_cat-valaisimet","10":"first","11":"instock","12":"taxable","13":"shipping-taxable","14":"purchasable","15":"product-type-simple"},"_links":{"self":[{"href":"https:\/\/www.ksttukku.fi\/kauppa\/wp-json\/wp\/v2\/product\/17998","targetHints":{"allow":["GET"]}}],"collection":[{"href":"https:\/\/www.ksttukku.fi\/kauppa\/wp-json\/wp\/v2\/product"}],"about":[{"href":"https:\/\/www.ksttukku.fi\/kauppa\/wp-json\/wp\/v2\/types\/product"}],"replies":[{"embeddable":true,"href":"https:\/\/www.ksttukku.fi\/kauppa\/wp-json\/wp\/v2\/comments?post=17998"}],"wp:featuredmedia":[{"embeddable":true,"href":"https:\/\/www.ksttukku.fi\/kauppa\/wp-json\/wp\/v2\/media\/18000"}],"wp:attachment":[{"href":"https:\/\/www.ksttukku.fi\/kauppa\/wp-json\/wp\/v2\/media?parent=17998"}],"wp:term":[{"taxonomy":"product_brand","embeddable":true,"href":"https:\/\/www.ksttukku.fi\/kauppa\/wp-json\/wp\/v2\/product_brand?post=17998"},{"taxonomy":"product_cat","embeddable":true,"href":"https:\/\/www.ksttukku.fi\/kauppa\/wp-json\/wp\/v2\/product_cat?post=17998"},{"taxonomy":"product_tag","embeddable":true,"href":"https:\/\/www.ksttukku.fi\/kauppa\/wp-json\/wp\/v2\/product_tag?post=17998"}],"curies":[{"name":"wp","href":"https:\/\/api.w.org\/{rel}","templated":true}]}}