{"id":18011,"date":"2025-08-06T16:51:42","date_gmt":"2025-08-06T13:51:42","guid":{"rendered":"https:\/\/www.ksttukku.fi\/kauppa\/?post_type=product&#038;p=18011"},"modified":"2025-08-06T16:51:42","modified_gmt":"2025-08-06T13:51:42","slug":"poytavalaisin-juulia-harmaa-kaantyva-lukuvarsi","status":"publish","type":"product","link":"https:\/\/www.ksttukku.fi\/kauppa\/tuote\/poytavalaisin-juulia-harmaa-kaantyva-lukuvarsi\/","title":{"rendered":"P\u00d6YT\u00c4VALAISIN JUULIA HARMAA K\u00c4\u00c4NTYV\u00c4 LUKUVARSI"},"content":{"rendered":"<p>P\u00f6yt\u00e4valaisin jossa kauniisti yhdistyv\u00e4t vaalea puu ja siniharmaa varjostinosa.<\/p>\n<p>Materiaali:&nbsp; metalli ja puu<\/p>\n<p>V\u00e4ri:&nbsp; matta harmaa, vaalea puu<\/p>\n<p>Mitat: korkeus 36 cm , varjostin halk 11,5 cm<\/p>\n<p>Valol\u00e4hde: E27 , max 40 W<\/p>\n<p>Asennus:&nbsp; valokytkin pohjalevyss\u00e4 , johto 1,5 m<\/p>\n","protected":false},"excerpt":{"rendered":"<p>P\u00f6yt\u00e4valaisin jossa kauniisti yhdistyv\u00e4t vaalea puu ja siniharmaa varjostinosa. Materiaali:&nbsp; metalli ja puu V\u00e4ri:&nbsp; matta harmaa, vaalea puu Mitat: korkeus 36 cm , varjostin halk 11,5 cm Valol\u00e4hde: E27 , max 40 W Asennus:&nbsp; valokytkin pohjalevyss\u00e4 , johto 1,5 m<\/p>\n","protected":false},"featured_media":18012,"comment_status":"closed","ping_status":"closed","template":"","meta":[],"product_brand":[],"product_cat":[44,35,34],"product_tag":[],"class_list":{"0":"post-18011","1":"product","2":"type-product","3":"status-publish","4":"has-post-thumbnail","6":"product_cat-poytavalaisimet","7":"product_cat-sisavalaisimet","8":"product_cat-valaisimet","10":"first","11":"instock","12":"taxable","13":"shipping-taxable","14":"purchasable","15":"product-type-simple"},"_links":{"self":[{"href":"https:\/\/www.ksttukku.fi\/kauppa\/wp-json\/wp\/v2\/product\/18011","targetHints":{"allow":["GET"]}}],"collection":[{"href":"https:\/\/www.ksttukku.fi\/kauppa\/wp-json\/wp\/v2\/product"}],"about":[{"href":"https:\/\/www.ksttukku.fi\/kauppa\/wp-json\/wp\/v2\/types\/product"}],"replies":[{"embeddable":true,"href":"https:\/\/www.ksttukku.fi\/kauppa\/wp-json\/wp\/v2\/comments?post=18011"}],"wp:featuredmedia":[{"embeddable":true,"href":"https:\/\/www.ksttukku.fi\/kauppa\/wp-json\/wp\/v2\/media\/18012"}],"wp:attachment":[{"href":"https:\/\/www.ksttukku.fi\/kauppa\/wp-json\/wp\/v2\/media?parent=18011"}],"wp:term":[{"taxonomy":"product_brand","embeddable":true,"href":"https:\/\/www.ksttukku.fi\/kauppa\/wp-json\/wp\/v2\/product_brand?post=18011"},{"taxonomy":"product_cat","embeddable":true,"href":"https:\/\/www.ksttukku.fi\/kauppa\/wp-json\/wp\/v2\/product_cat?post=18011"},{"taxonomy":"product_tag","embeddable":true,"href":"https:\/\/www.ksttukku.fi\/kauppa\/wp-json\/wp\/v2\/product_tag?post=18011"}],"curies":[{"name":"wp","href":"https:\/\/api.w.org\/{rel}","templated":true}]}}