{"id":18014,"date":"2025-08-06T16:59:34","date_gmt":"2025-08-06T13:59:34","guid":{"rendered":"https:\/\/www.ksttukku.fi\/kauppa\/?post_type=product&#038;p=18014"},"modified":"2025-08-06T16:59:34","modified_gmt":"2025-08-06T13:59:34","slug":"lattiavalaisin-fanni-2-os-valk-kohdistettavat-lukuvalot","status":"publish","type":"product","link":"https:\/\/www.ksttukku.fi\/kauppa\/tuote\/lattiavalaisin-fanni-2-os-valk-kohdistettavat-lukuvalot\/","title":{"rendered":"LATTIAVALAISIN  FANNI 2-os VALK KOHDISTETTAVAT LUKUVALOT"},"content":{"rendered":"<p>Tyylik\u00e4s mattavalkoinen runko, korkeudens\u00e4\u00e4t\u00f6 varjostinosille, k\u00e4\u00e4nnett\u00e4v\u00e4t lukuosat, erinomainen valoteho ja tukeva runko. Varjostinosia voit liikutella yl\u00f6s-alas-suunnassa ja nivelill\u00e4 toimivat lukuosat haluamaasi kohteeseen.&nbsp;<\/p>\n<p>Materiaali: Metalli<\/p>\n<p>V\u00e4ri:&nbsp; Valko-satiini<\/p>\n<p>Mitat: Pojalevyn halkaisija 23 cm \u2013 varjon halkaisija 14 cm, kork. 14 cm \u2013&nbsp; kokonaiskorkeus 153 cm<\/p>\n<p>Valol\u00e4hde: E27 max. 60W<\/p>\n<p>Asennus: Kaksoisv\u00e4likytkin<\/p>\n","protected":false},"excerpt":{"rendered":"<p>Tyylik\u00e4s mattavalkoinen runko, korkeudens\u00e4\u00e4t\u00f6 varjostinosille, k\u00e4\u00e4nnett\u00e4v\u00e4t lukuosat, erinomainen valoteho ja tukeva runko. Varjostinosia voit liikutella yl\u00f6s-alas-suunnassa ja nivelill\u00e4 toimivat lukuosat haluamaasi kohteeseen.&nbsp; Materiaali: Metalli V\u00e4ri:&nbsp; Valko-satiini Mitat: Pojalevyn halkaisija 23 cm \u2013 varjon halkaisija 14 cm, kork. 14 cm \u2013&nbsp; kokonaiskorkeus 153 cm Valol\u00e4hde: E27 max. 60W Asennus: Kaksoisv\u00e4likytkin<\/p>\n","protected":false},"featured_media":18015,"comment_status":"closed","ping_status":"closed","template":"","meta":[],"product_brand":[],"product_cat":[43,35,34],"product_tag":[],"class_list":{"0":"post-18014","1":"product","2":"type-product","3":"status-publish","4":"has-post-thumbnail","6":"product_cat-lattiavalaisimet","7":"product_cat-sisavalaisimet","8":"product_cat-valaisimet","10":"first","11":"instock","12":"taxable","13":"shipping-taxable","14":"purchasable","15":"product-type-simple"},"_links":{"self":[{"href":"https:\/\/www.ksttukku.fi\/kauppa\/wp-json\/wp\/v2\/product\/18014","targetHints":{"allow":["GET"]}}],"collection":[{"href":"https:\/\/www.ksttukku.fi\/kauppa\/wp-json\/wp\/v2\/product"}],"about":[{"href":"https:\/\/www.ksttukku.fi\/kauppa\/wp-json\/wp\/v2\/types\/product"}],"replies":[{"embeddable":true,"href":"https:\/\/www.ksttukku.fi\/kauppa\/wp-json\/wp\/v2\/comments?post=18014"}],"wp:featuredmedia":[{"embeddable":true,"href":"https:\/\/www.ksttukku.fi\/kauppa\/wp-json\/wp\/v2\/media\/18015"}],"wp:attachment":[{"href":"https:\/\/www.ksttukku.fi\/kauppa\/wp-json\/wp\/v2\/media?parent=18014"}],"wp:term":[{"taxonomy":"product_brand","embeddable":true,"href":"https:\/\/www.ksttukku.fi\/kauppa\/wp-json\/wp\/v2\/product_brand?post=18014"},{"taxonomy":"product_cat","embeddable":true,"href":"https:\/\/www.ksttukku.fi\/kauppa\/wp-json\/wp\/v2\/product_cat?post=18014"},{"taxonomy":"product_tag","embeddable":true,"href":"https:\/\/www.ksttukku.fi\/kauppa\/wp-json\/wp\/v2\/product_tag?post=18014"}],"curies":[{"name":"wp","href":"https:\/\/api.w.org\/{rel}","templated":true}]}}