{"id":18025,"date":"2025-08-07T14:55:36","date_gmt":"2025-08-07T11:55:36","guid":{"rendered":"https:\/\/www.ksttukku.fi\/kauppa\/?post_type=product&#038;p=18025"},"modified":"2025-08-07T14:55:37","modified_gmt":"2025-08-07T11:55:37","slug":"ember-plafondi-36cm-puureunus-koukkukiinnitys","status":"publish","type":"product","link":"https:\/\/www.ksttukku.fi\/kauppa\/tuote\/ember-plafondi-36cm-puureunus-koukkukiinnitys\/","title":{"rendered":"Ember plafondi 36cm  puureunus koukkukiinnitys"},"content":{"rendered":"<p>Plafondi on ajaton ja k\u00e4yt\u00e4nn\u00f6llinen kattovalaisin<\/p>\n<p>Ember valaisimessa on aito puukehys, joka on kuultovalkeaksi lakattua puuta.<\/p>\n<p>Lasikupu<\/p>\n<p>Kanta: 2x E27<\/p>\n<p>Koukkukiinnitys<\/p>\n<p>Halkaisija 36 cm<br \/>\nKorkeus 13,5 cm<\/p>\n","protected":false},"excerpt":{"rendered":"<p>Plafondi on ajaton ja k\u00e4yt\u00e4nn\u00f6llinen kattovalaisin Ember valaisimessa on aito puukehys, joka on kuultovalkeaksi lakattua puuta. Lasikupu Kanta: 2x E27 Koukkukiinnitys Halkaisija 36 cm Korkeus 13,5 cm<\/p>\n","protected":false},"featured_media":18026,"comment_status":"closed","ping_status":"closed","template":"","meta":[],"product_brand":[],"product_cat":[40,35,34],"product_tag":[],"class_list":{"0":"post-18025","1":"product","2":"type-product","3":"status-publish","4":"has-post-thumbnail","6":"product_cat-kattovalaisimet","7":"product_cat-sisavalaisimet","8":"product_cat-valaisimet","10":"first","11":"instock","12":"taxable","13":"shipping-taxable","14":"purchasable","15":"product-type-simple"},"_links":{"self":[{"href":"https:\/\/www.ksttukku.fi\/kauppa\/wp-json\/wp\/v2\/product\/18025","targetHints":{"allow":["GET"]}}],"collection":[{"href":"https:\/\/www.ksttukku.fi\/kauppa\/wp-json\/wp\/v2\/product"}],"about":[{"href":"https:\/\/www.ksttukku.fi\/kauppa\/wp-json\/wp\/v2\/types\/product"}],"replies":[{"embeddable":true,"href":"https:\/\/www.ksttukku.fi\/kauppa\/wp-json\/wp\/v2\/comments?post=18025"}],"wp:featuredmedia":[{"embeddable":true,"href":"https:\/\/www.ksttukku.fi\/kauppa\/wp-json\/wp\/v2\/media\/18026"}],"wp:attachment":[{"href":"https:\/\/www.ksttukku.fi\/kauppa\/wp-json\/wp\/v2\/media?parent=18025"}],"wp:term":[{"taxonomy":"product_brand","embeddable":true,"href":"https:\/\/www.ksttukku.fi\/kauppa\/wp-json\/wp\/v2\/product_brand?post=18025"},{"taxonomy":"product_cat","embeddable":true,"href":"https:\/\/www.ksttukku.fi\/kauppa\/wp-json\/wp\/v2\/product_cat?post=18025"},{"taxonomy":"product_tag","embeddable":true,"href":"https:\/\/www.ksttukku.fi\/kauppa\/wp-json\/wp\/v2\/product_tag?post=18025"}],"curies":[{"name":"wp","href":"https:\/\/api.w.org\/{rel}","templated":true}]}}