{"id":18036,"date":"2025-08-08T14:30:23","date_gmt":"2025-08-08T11:30:23","guid":{"rendered":"https:\/\/www.ksttukku.fi\/kauppa\/?post_type=product&#038;p=18036"},"modified":"2025-08-08T14:30:23","modified_gmt":"2025-08-08T11:30:23","slug":"thea-kehyspeili-48-x-68-cm-antrasiitti","status":"publish","type":"product","link":"https:\/\/www.ksttukku.fi\/kauppa\/tuote\/thea-kehyspeili-48-x-68-cm-antrasiitti\/","title":{"rendered":"Thea kehyspeili 48 x 68 cm antrasiitti"},"content":{"rendered":"<p>Suorakaiteen muotoinen peili<\/p>\n<p>Peili voidaan asentaa sek\u00e4 pysty- ett\u00e4 vaakasuuntaan.<\/p>\n<p>Peilin kehys&nbsp; MDF-levy\u00e4<\/p>\n<p>V\u00e4ri: antrasiitti<\/p>\n<p>Koko: 48 cm X 68 cm<\/p>\n","protected":false},"excerpt":{"rendered":"<p>Suorakaiteen muotoinen peili Peili voidaan asentaa sek\u00e4 pysty- ett\u00e4 vaakasuuntaan. Peilin kehys&nbsp; MDF-levy\u00e4 V\u00e4ri: antrasiitti Koko: 48 cm X 68 cm<\/p>\n","protected":false},"featured_media":18037,"comment_status":"closed","ping_status":"closed","template":"","meta":[],"product_brand":[],"product_cat":[491,377],"product_tag":[],"class_list":{"0":"post-18036","1":"product","2":"type-product","3":"status-publish","4":"has-post-thumbnail","6":"product_cat-kodin-sisustustuotteet","7":"product_cat-sisustus-lahjatavarat","9":"first","10":"instock","11":"taxable","12":"shipping-taxable","13":"purchasable","14":"product-type-simple"},"_links":{"self":[{"href":"https:\/\/www.ksttukku.fi\/kauppa\/wp-json\/wp\/v2\/product\/18036","targetHints":{"allow":["GET"]}}],"collection":[{"href":"https:\/\/www.ksttukku.fi\/kauppa\/wp-json\/wp\/v2\/product"}],"about":[{"href":"https:\/\/www.ksttukku.fi\/kauppa\/wp-json\/wp\/v2\/types\/product"}],"replies":[{"embeddable":true,"href":"https:\/\/www.ksttukku.fi\/kauppa\/wp-json\/wp\/v2\/comments?post=18036"}],"wp:featuredmedia":[{"embeddable":true,"href":"https:\/\/www.ksttukku.fi\/kauppa\/wp-json\/wp\/v2\/media\/18037"}],"wp:attachment":[{"href":"https:\/\/www.ksttukku.fi\/kauppa\/wp-json\/wp\/v2\/media?parent=18036"}],"wp:term":[{"taxonomy":"product_brand","embeddable":true,"href":"https:\/\/www.ksttukku.fi\/kauppa\/wp-json\/wp\/v2\/product_brand?post=18036"},{"taxonomy":"product_cat","embeddable":true,"href":"https:\/\/www.ksttukku.fi\/kauppa\/wp-json\/wp\/v2\/product_cat?post=18036"},{"taxonomy":"product_tag","embeddable":true,"href":"https:\/\/www.ksttukku.fi\/kauppa\/wp-json\/wp\/v2\/product_tag?post=18036"}],"curies":[{"name":"wp","href":"https:\/\/api.w.org\/{rel}","templated":true}]}}