{"id":1805,"date":"2018-06-26T18:36:56","date_gmt":"2018-06-26T15:36:56","guid":{"rendered":"http:\/\/www.ksttukku.fi\/kauppa\/?post_type=product&#038;p=1805"},"modified":"2026-03-27T17:01:06","modified_gmt":"2026-03-27T15:01:06","slug":"alien-poytavalaisin-hopea","status":"publish","type":"product","link":"https:\/\/www.ksttukku.fi\/kauppa\/tuote\/alien-poytavalaisin-hopea\/","title":{"rendered":"Emil p\u00f6yt\u00e4valaisin hopea"},"content":{"rendered":"<p>K\u00e4yt\u00e4nn\u00f6llinen ja tyylik\u00e4s LED p\u00f6yt\u00e4valaisin jossa tehokas 4,5W integroitu LED, kosketus himmennin ja taipuisa varsi. 3 eri tehoa, himmentimen avulla voit s\u00e4\u00e4t\u00e4\u00e4 valaisimen valotehon. Valaisinta on saatavana kolmena eri v\u00e4rin\u00e4; valkoinen, musta ja hopea. Valaisimessa on pitk\u00e4 taivuteltava varsi, jolla valon voi kohdistaa halutusti.<\/p>\n<ul>\n<li>\u00a0halk. : 22 cm<\/li>\n<li>\u00a0kork. : 25 &#8211; 45 cm<\/li>\n<li>\u00a0teho: 4,5W<\/li>\n<li>valovirta: 480 lm<\/li>\n<li>v\u00e4ril\u00e4mp\u00f6tila: 3000K<\/li>\n<li>kosketus himmennin, 3 eri tehoa<\/li>\n<\/ul>\n","protected":false},"excerpt":{"rendered":"<p>K\u00e4yt\u00e4nn\u00f6llinen ja tyylik\u00e4s LED p\u00f6yt\u00e4valaisin jossa tehokas 4,5W integroitu LED, kosketus himmennin ja taipuisa varsi. 3 eri tehoa, himmentimen avulla voit s\u00e4\u00e4t\u00e4\u00e4 valaisimen valotehon. Valaisinta on saatavana kolmena eri v\u00e4rin\u00e4; valkoinen, musta ja hopea. Valaisimessa on pitk\u00e4 taivuteltava varsi, jolla valon voi kohdistaa halutusti. \u00a0halk. : 22 cm \u00a0kork. : 25 &#8211; 45 cm \u00a0teho: [&hellip;]<\/p>\n","protected":false},"featured_media":1806,"comment_status":"closed","ping_status":"closed","template":"","meta":[],"product_brand":[],"product_cat":[44,35,34],"product_tag":[],"class_list":{"0":"post-1805","1":"product","2":"type-product","3":"status-publish","4":"has-post-thumbnail","6":"product_cat-poytavalaisimet","7":"product_cat-sisavalaisimet","8":"product_cat-valaisimet","10":"first","11":"outofstock","12":"taxable","13":"shipping-taxable","14":"purchasable","15":"product-type-simple"},"_links":{"self":[{"href":"https:\/\/www.ksttukku.fi\/kauppa\/wp-json\/wp\/v2\/product\/1805","targetHints":{"allow":["GET"]}}],"collection":[{"href":"https:\/\/www.ksttukku.fi\/kauppa\/wp-json\/wp\/v2\/product"}],"about":[{"href":"https:\/\/www.ksttukku.fi\/kauppa\/wp-json\/wp\/v2\/types\/product"}],"replies":[{"embeddable":true,"href":"https:\/\/www.ksttukku.fi\/kauppa\/wp-json\/wp\/v2\/comments?post=1805"}],"wp:featuredmedia":[{"embeddable":true,"href":"https:\/\/www.ksttukku.fi\/kauppa\/wp-json\/wp\/v2\/media\/1806"}],"wp:attachment":[{"href":"https:\/\/www.ksttukku.fi\/kauppa\/wp-json\/wp\/v2\/media?parent=1805"}],"wp:term":[{"taxonomy":"product_brand","embeddable":true,"href":"https:\/\/www.ksttukku.fi\/kauppa\/wp-json\/wp\/v2\/product_brand?post=1805"},{"taxonomy":"product_cat","embeddable":true,"href":"https:\/\/www.ksttukku.fi\/kauppa\/wp-json\/wp\/v2\/product_cat?post=1805"},{"taxonomy":"product_tag","embeddable":true,"href":"https:\/\/www.ksttukku.fi\/kauppa\/wp-json\/wp\/v2\/product_tag?post=1805"}],"curies":[{"name":"wp","href":"https:\/\/api.w.org\/{rel}","templated":true}]}}