{"id":18053,"date":"2025-08-08T17:50:09","date_gmt":"2025-08-08T14:50:09","guid":{"rendered":"https:\/\/www.ksttukku.fi\/kauppa\/?post_type=product&#038;p=18053"},"modified":"2025-08-08T17:56:25","modified_gmt":"2025-08-08T14:56:25","slug":"thea-kehyspeili-66-x-166-x-17-cm","status":"publish","type":"product","link":"https:\/\/www.ksttukku.fi\/kauppa\/tuote\/thea-kehyspeili-66-x-166-x-17-cm\/","title":{"rendered":"Thea kehyspeili 66 \u00d7 166 \u00d7 1,7 cm"},"content":{"rendered":"<p>Suorakaiteenmuotoinen kehyspeili&nbsp;<\/p>\n<p>Peili voidaan asentaa sek\u00e4 pysty- ett\u00e4 vaakasuuntaan.<\/p>\n<p>Peilin kehys: MDF-levy\u00e4<\/p>\n<p>V\u00e4ri: antrasiitti<\/p>\n<p>Koko: 66 cm X 166 cm<\/p>\n","protected":false},"excerpt":{"rendered":"<p>Suorakaiteenmuotoinen kehyspeili&nbsp; Peili voidaan asentaa sek\u00e4 pysty- ett\u00e4 vaakasuuntaan. Peilin kehys: MDF-levy\u00e4 V\u00e4ri: antrasiitti Koko: 66 cm X 166 cm<\/p>\n","protected":false},"featured_media":18054,"comment_status":"closed","ping_status":"closed","template":"","meta":[],"product_brand":[],"product_cat":[491,377],"product_tag":[],"class_list":{"0":"post-18053","1":"product","2":"type-product","3":"status-publish","4":"has-post-thumbnail","6":"product_cat-kodin-sisustustuotteet","7":"product_cat-sisustus-lahjatavarat","9":"first","10":"instock","11":"taxable","12":"shipping-taxable","13":"purchasable","14":"product-type-simple"},"_links":{"self":[{"href":"https:\/\/www.ksttukku.fi\/kauppa\/wp-json\/wp\/v2\/product\/18053","targetHints":{"allow":["GET"]}}],"collection":[{"href":"https:\/\/www.ksttukku.fi\/kauppa\/wp-json\/wp\/v2\/product"}],"about":[{"href":"https:\/\/www.ksttukku.fi\/kauppa\/wp-json\/wp\/v2\/types\/product"}],"replies":[{"embeddable":true,"href":"https:\/\/www.ksttukku.fi\/kauppa\/wp-json\/wp\/v2\/comments?post=18053"}],"wp:featuredmedia":[{"embeddable":true,"href":"https:\/\/www.ksttukku.fi\/kauppa\/wp-json\/wp\/v2\/media\/18054"}],"wp:attachment":[{"href":"https:\/\/www.ksttukku.fi\/kauppa\/wp-json\/wp\/v2\/media?parent=18053"}],"wp:term":[{"taxonomy":"product_brand","embeddable":true,"href":"https:\/\/www.ksttukku.fi\/kauppa\/wp-json\/wp\/v2\/product_brand?post=18053"},{"taxonomy":"product_cat","embeddable":true,"href":"https:\/\/www.ksttukku.fi\/kauppa\/wp-json\/wp\/v2\/product_cat?post=18053"},{"taxonomy":"product_tag","embeddable":true,"href":"https:\/\/www.ksttukku.fi\/kauppa\/wp-json\/wp\/v2\/product_tag?post=18053"}],"curies":[{"name":"wp","href":"https:\/\/api.w.org\/{rel}","templated":true}]}}