{"id":18060,"date":"2025-08-11T17:26:50","date_gmt":"2025-08-11T14:26:50","guid":{"rendered":"https:\/\/www.ksttukku.fi\/kauppa\/?post_type=product&#038;p=18060"},"modified":"2025-08-11T17:26:50","modified_gmt":"2025-08-11T14:26:50","slug":"valolista-led-liiketunnistimella-ja-hamarakytkimella","status":"publish","type":"product","link":"https:\/\/www.ksttukku.fi\/kauppa\/tuote\/valolista-led-liiketunnistimella-ja-hamarakytkimella\/","title":{"rendered":"Valolista LED liiketunnistimella ja h\u00e4m\u00e4r\u00e4kytkimell\u00e4"},"content":{"rendered":"<p>Alumiinilista. Magneettikiinnittys mukana. 48 LED, 3,7V 800mAh ladattava polymeeriakku, 5V 1A, USB-C tyyppiliitin. Laitteessa liiketunnistin ja h\u00e4m\u00e4r\u00e4kytkin. 3-asentoinen kytkin: off, on, auto. Tunnistuskulma: 120 astetta, viive 15S\u00b15S. Liiketunnistin alue 3 m, USB-kaapeli sis\u00e4ltyy pakkaukseen.&nbsp;<\/p>\n<p>Leveys: 32,5 cm<\/p>\n<p>Syvyys: 0.9 cm<\/p>\n<p>Korkeus: 4 cm<\/p>\n<p>Materiaali: alumiini, polykarbonaatti&nbsp;<\/p>\n<p>V\u00e4ri: hopea\/valkoinen<\/p>\n","protected":false},"excerpt":{"rendered":"<p>Alumiinilista. Magneettikiinnittys mukana. 48 LED, 3,7V 800mAh ladattava polymeeriakku, 5V 1A, USB-C tyyppiliitin. Laitteessa liiketunnistin ja h\u00e4m\u00e4r\u00e4kytkin. 3-asentoinen kytkin: off, on, auto. Tunnistuskulma: 120 astetta, viive 15S\u00b15S. Liiketunnistin alue 3 m, USB-kaapeli sis\u00e4ltyy pakkaukseen.&nbsp; Leveys: 32,5 cm Syvyys: 0.9 cm Korkeus: 4 cm Materiaali: alumiini, polykarbonaatti&nbsp; V\u00e4ri: hopea\/valkoinen<\/p>\n","protected":false},"featured_media":18062,"comment_status":"closed","ping_status":"closed","template":"","meta":[],"product_brand":[],"product_cat":[35,142,34],"product_tag":[],"class_list":{"0":"post-18060","1":"product","2":"type-product","3":"status-publish","4":"has-post-thumbnail","6":"product_cat-sisavalaisimet","7":"product_cat-tyopistevalaisimet","8":"product_cat-valaisimet","10":"first","11":"instock","12":"taxable","13":"shipping-taxable","14":"purchasable","15":"product-type-simple"},"_links":{"self":[{"href":"https:\/\/www.ksttukku.fi\/kauppa\/wp-json\/wp\/v2\/product\/18060","targetHints":{"allow":["GET"]}}],"collection":[{"href":"https:\/\/www.ksttukku.fi\/kauppa\/wp-json\/wp\/v2\/product"}],"about":[{"href":"https:\/\/www.ksttukku.fi\/kauppa\/wp-json\/wp\/v2\/types\/product"}],"replies":[{"embeddable":true,"href":"https:\/\/www.ksttukku.fi\/kauppa\/wp-json\/wp\/v2\/comments?post=18060"}],"wp:featuredmedia":[{"embeddable":true,"href":"https:\/\/www.ksttukku.fi\/kauppa\/wp-json\/wp\/v2\/media\/18062"}],"wp:attachment":[{"href":"https:\/\/www.ksttukku.fi\/kauppa\/wp-json\/wp\/v2\/media?parent=18060"}],"wp:term":[{"taxonomy":"product_brand","embeddable":true,"href":"https:\/\/www.ksttukku.fi\/kauppa\/wp-json\/wp\/v2\/product_brand?post=18060"},{"taxonomy":"product_cat","embeddable":true,"href":"https:\/\/www.ksttukku.fi\/kauppa\/wp-json\/wp\/v2\/product_cat?post=18060"},{"taxonomy":"product_tag","embeddable":true,"href":"https:\/\/www.ksttukku.fi\/kauppa\/wp-json\/wp\/v2\/product_tag?post=18060"}],"curies":[{"name":"wp","href":"https:\/\/api.w.org\/{rel}","templated":true}]}}