{"id":18067,"date":"2025-08-12T15:06:17","date_gmt":"2025-08-12T12:06:17","guid":{"rendered":"https:\/\/www.ksttukku.fi\/kauppa\/?post_type=product&#038;p=18067"},"modified":"2025-08-12T15:06:18","modified_gmt":"2025-08-12T12:06:18","slug":"airam-valonheitin-range-ip66-36000lm-300w-740-asym","status":"publish","type":"product","link":"https:\/\/www.ksttukku.fi\/kauppa\/tuote\/airam-valonheitin-range-ip66-36000lm-300w-740-asym\/","title":{"rendered":"Airam Valonheitin Range IP66 36000lm 300W\/740 ASYM"},"content":{"rendered":"<p>Range-valonheitin on huoltovapaa ja kustannustehokas vaihtoehto vaativaan k\u00e4ytt\u00f6\u00f6n. Valaisimen runko on laadukasta ja kest\u00e4v\u00e4\u00e4 alumiinia ja sen kupu on karkaistua lasia. Iskunkest\u00e4vyysluokitus IK08. Range soveltuu niin yleisvalaistukseen kuin aluevalaistukseenkin; erinomainen valinta rakennusten julkisivuihin,&nbsp;<\/p>\n<p>Kumikaapeli 650 mm.<\/p>\n<p>Asennus kattoon tai sein\u00e4\u00e4n sek\u00e4 erillisell\u00e4 sovitteella 60 mm suoraan pylv\u00e4\u00e4seen.&nbsp;<\/p>\n<p>Pituus (mm)<br \/>\n487<br \/>\nLeveys (mm)<br \/>\n393<br \/>\nKorkeus\/syvyys (mm)<br \/>\n83<\/p>\n","protected":false},"excerpt":{"rendered":"<p>Range-valonheitin on huoltovapaa ja kustannustehokas vaihtoehto vaativaan k\u00e4ytt\u00f6\u00f6n. Valaisimen runko on laadukasta ja kest\u00e4v\u00e4\u00e4 alumiinia ja sen kupu on karkaistua lasia. Iskunkest\u00e4vyysluokitus IK08. Range soveltuu niin yleisvalaistukseen kuin aluevalaistukseenkin; erinomainen valinta rakennusten julkisivuihin,&nbsp; Kumikaapeli 650 mm. Asennus kattoon tai sein\u00e4\u00e4n sek\u00e4 erillisell\u00e4 sovitteella 60 mm suoraan pylv\u00e4\u00e4seen.&nbsp; Pituus (mm) 487 Leveys (mm) 393 Korkeus\/syvyys (mm) [&hellip;]<\/p>\n","protected":false},"featured_media":18068,"comment_status":"closed","ping_status":"closed","template":"","meta":[],"product_brand":[],"product_cat":[36,34,39],"product_tag":[],"class_list":{"0":"post-18067","1":"product","2":"type-product","3":"status-publish","4":"has-post-thumbnail","6":"product_cat-ulkovalaisimet","7":"product_cat-valaisimet","8":"product_cat-valonheittimet","10":"first","11":"instock","12":"taxable","13":"shipping-taxable","14":"purchasable","15":"product-type-simple"},"_links":{"self":[{"href":"https:\/\/www.ksttukku.fi\/kauppa\/wp-json\/wp\/v2\/product\/18067","targetHints":{"allow":["GET"]}}],"collection":[{"href":"https:\/\/www.ksttukku.fi\/kauppa\/wp-json\/wp\/v2\/product"}],"about":[{"href":"https:\/\/www.ksttukku.fi\/kauppa\/wp-json\/wp\/v2\/types\/product"}],"replies":[{"embeddable":true,"href":"https:\/\/www.ksttukku.fi\/kauppa\/wp-json\/wp\/v2\/comments?post=18067"}],"wp:featuredmedia":[{"embeddable":true,"href":"https:\/\/www.ksttukku.fi\/kauppa\/wp-json\/wp\/v2\/media\/18068"}],"wp:attachment":[{"href":"https:\/\/www.ksttukku.fi\/kauppa\/wp-json\/wp\/v2\/media?parent=18067"}],"wp:term":[{"taxonomy":"product_brand","embeddable":true,"href":"https:\/\/www.ksttukku.fi\/kauppa\/wp-json\/wp\/v2\/product_brand?post=18067"},{"taxonomy":"product_cat","embeddable":true,"href":"https:\/\/www.ksttukku.fi\/kauppa\/wp-json\/wp\/v2\/product_cat?post=18067"},{"taxonomy":"product_tag","embeddable":true,"href":"https:\/\/www.ksttukku.fi\/kauppa\/wp-json\/wp\/v2\/product_tag?post=18067"}],"curies":[{"name":"wp","href":"https:\/\/api.w.org\/{rel}","templated":true}]}}