{"id":1808,"date":"2018-06-27T17:28:21","date_gmt":"2018-06-27T14:28:21","guid":{"rendered":"http:\/\/www.ksttukku.fi\/kauppa\/?post_type=product&#038;p=1808"},"modified":"2023-01-21T10:10:46","modified_gmt":"2023-01-21T08:10:46","slug":"valoprofiili-2m-kulma","status":"publish","type":"product","link":"https:\/\/www.ksttukku.fi\/kauppa\/tuote\/valoprofiili-2m-kulma\/","title":{"rendered":"Alumiiniprofiili LED-nauhalle 2m kulma"},"content":{"rendered":"<p>Pinta-asennettava alumiiniprofiili helpottaa LED-nauhojen asentamista. Alumiiniprofiili antaa valaistukselle viimeistellyn ja siistin ilmeen sek\u00e4 suojaavat LED-nauhaa p\u00f6lylt\u00e4 ja lialta. Polykarbonaatti-muovikupu v\u00e4hent\u00e4\u00e4 LEDien pistem\u00e4isen valon h\u00e4ik\u00e4isy\u00e4. Soveltuu LED-nauhoille, joiden leveys on korkeintaan 10 mm.<\/p>\n<p>Materiaali: Alumiinirunko, polykarbonaatti-muovikupu<br \/>\nPituus: 2 m<br \/>\nMukana kiinnikkeet 4 kpl ja p\u00e4\u00e4typalat 4 kpl<\/p>\n","protected":false},"excerpt":{"rendered":"<p>Pinta-asennettava alumiiniprofiili helpottaa LED-nauhojen asentamista. Alumiiniprofiili antaa valaistukselle viimeistellyn ja siistin ilmeen sek\u00e4 suojaavat LED-nauhaa p\u00f6lylt\u00e4 ja lialta. Polykarbonaatti-muovikupu v\u00e4hent\u00e4\u00e4 LEDien pistem\u00e4isen valon h\u00e4ik\u00e4isy\u00e4. Soveltuu LED-nauhoille, joiden leveys on korkeintaan 10 mm. Materiaali: Alumiinirunko, polykarbonaatti-muovikupu Pituus: 2 m Mukana kiinnikkeet 4 kpl ja p\u00e4\u00e4typalat 4 kpl<\/p>\n","protected":false},"featured_media":6928,"comment_status":"closed","ping_status":"closed","template":"","meta":[],"product_brand":[],"product_cat":[45],"product_tag":[],"class_list":{"0":"post-1808","1":"product","2":"type-product","3":"status-publish","4":"has-post-thumbnail","6":"product_cat-valonauhat","8":"first","9":"instock","10":"taxable","11":"shipping-taxable","12":"purchasable","13":"product-type-simple"},"_links":{"self":[{"href":"https:\/\/www.ksttukku.fi\/kauppa\/wp-json\/wp\/v2\/product\/1808","targetHints":{"allow":["GET"]}}],"collection":[{"href":"https:\/\/www.ksttukku.fi\/kauppa\/wp-json\/wp\/v2\/product"}],"about":[{"href":"https:\/\/www.ksttukku.fi\/kauppa\/wp-json\/wp\/v2\/types\/product"}],"replies":[{"embeddable":true,"href":"https:\/\/www.ksttukku.fi\/kauppa\/wp-json\/wp\/v2\/comments?post=1808"}],"wp:featuredmedia":[{"embeddable":true,"href":"https:\/\/www.ksttukku.fi\/kauppa\/wp-json\/wp\/v2\/media\/6928"}],"wp:attachment":[{"href":"https:\/\/www.ksttukku.fi\/kauppa\/wp-json\/wp\/v2\/media?parent=1808"}],"wp:term":[{"taxonomy":"product_brand","embeddable":true,"href":"https:\/\/www.ksttukku.fi\/kauppa\/wp-json\/wp\/v2\/product_brand?post=1808"},{"taxonomy":"product_cat","embeddable":true,"href":"https:\/\/www.ksttukku.fi\/kauppa\/wp-json\/wp\/v2\/product_cat?post=1808"},{"taxonomy":"product_tag","embeddable":true,"href":"https:\/\/www.ksttukku.fi\/kauppa\/wp-json\/wp\/v2\/product_tag?post=1808"}],"curies":[{"name":"wp","href":"https:\/\/api.w.org\/{rel}","templated":true}]}}