{"id":18082,"date":"2025-08-13T12:15:14","date_gmt":"2025-08-13T09:15:14","guid":{"rendered":"https:\/\/www.ksttukku.fi\/kauppa\/?post_type=product&#038;p=18082"},"modified":"2025-08-13T12:15:14","modified_gmt":"2025-08-13T09:15:14","slug":"kenkateline-saadettava-valkoinen","status":"publish","type":"product","link":"https:\/\/www.ksttukku.fi\/kauppa\/tuote\/kenkateline-saadettava-valkoinen\/","title":{"rendered":"Kenk\u00e4teline s\u00e4\u00e4dett\u00e4v\u00e4 valkoinen"},"content":{"rendered":"<p>Kenk\u00e4telineen s\u00e4\u00e4dett\u00e4vyys mahdollistaa telineen monipuolisen sijoittelun ja k\u00e4yt\u00f6n.<\/p>\n<p>Runko m\u00e4nty\u00e4 ja hyllyt ruostumatonta ter\u00e4st\u00e4<\/p>\n<p>Syvyys 30 cm, korkeus 37 cm, leveys s\u00e4\u00e4dett\u00e4v\u00e4 57-100 cm.<\/p>\n<p>Enimm\u00e4iskuormitus\/taso 5 kg, yhteens\u00e4 10 kg. Kasattava.&nbsp;<\/p>\n","protected":false},"excerpt":{"rendered":"<p>Kenk\u00e4telineen s\u00e4\u00e4dett\u00e4vyys mahdollistaa telineen monipuolisen sijoittelun ja k\u00e4yt\u00f6n. Runko m\u00e4nty\u00e4 ja hyllyt ruostumatonta ter\u00e4st\u00e4 Syvyys 30 cm, korkeus 37 cm, leveys s\u00e4\u00e4dett\u00e4v\u00e4 57-100 cm. Enimm\u00e4iskuormitus\/taso 5 kg, yhteens\u00e4 10 kg. Kasattava.&nbsp;<\/p>\n","protected":false},"featured_media":18083,"comment_status":"closed","ping_status":"closed","template":"","meta":[],"product_brand":[],"product_cat":[491,377],"product_tag":[],"class_list":{"0":"post-18082","1":"product","2":"type-product","3":"status-publish","4":"has-post-thumbnail","6":"product_cat-kodin-sisustustuotteet","7":"product_cat-sisustus-lahjatavarat","9":"first","10":"instock","11":"taxable","12":"shipping-taxable","13":"purchasable","14":"product-type-simple"},"_links":{"self":[{"href":"https:\/\/www.ksttukku.fi\/kauppa\/wp-json\/wp\/v2\/product\/18082","targetHints":{"allow":["GET"]}}],"collection":[{"href":"https:\/\/www.ksttukku.fi\/kauppa\/wp-json\/wp\/v2\/product"}],"about":[{"href":"https:\/\/www.ksttukku.fi\/kauppa\/wp-json\/wp\/v2\/types\/product"}],"replies":[{"embeddable":true,"href":"https:\/\/www.ksttukku.fi\/kauppa\/wp-json\/wp\/v2\/comments?post=18082"}],"wp:featuredmedia":[{"embeddable":true,"href":"https:\/\/www.ksttukku.fi\/kauppa\/wp-json\/wp\/v2\/media\/18083"}],"wp:attachment":[{"href":"https:\/\/www.ksttukku.fi\/kauppa\/wp-json\/wp\/v2\/media?parent=18082"}],"wp:term":[{"taxonomy":"product_brand","embeddable":true,"href":"https:\/\/www.ksttukku.fi\/kauppa\/wp-json\/wp\/v2\/product_brand?post=18082"},{"taxonomy":"product_cat","embeddable":true,"href":"https:\/\/www.ksttukku.fi\/kauppa\/wp-json\/wp\/v2\/product_cat?post=18082"},{"taxonomy":"product_tag","embeddable":true,"href":"https:\/\/www.ksttukku.fi\/kauppa\/wp-json\/wp\/v2\/product_tag?post=18082"}],"curies":[{"name":"wp","href":"https:\/\/api.w.org\/{rel}","templated":true}]}}