{"id":18085,"date":"2025-08-13T12:55:00","date_gmt":"2025-08-13T09:55:00","guid":{"rendered":"https:\/\/www.ksttukku.fi\/kauppa\/?post_type=product&#038;p=18085"},"modified":"2025-08-13T12:56:49","modified_gmt":"2025-08-13T09:56:49","slug":"eteispenkki-kenkatelineella-musta","status":"publish","type":"product","link":"https:\/\/www.ksttukku.fi\/kauppa\/tuote\/eteispenkki-kenkatelineella-musta\/","title":{"rendered":"Eteispenkki kenk\u00e4telineell\u00e4 musta"},"content":{"rendered":"<p>Tyylik\u00e4s metallirunkoinen penkki esimerkiksi eteiseen tai pukeutumishuoneeseen.<\/p>\n<p>Penkin istuinosa on pehmustettua keinonahkaa.<\/p>\n<p>Kaksi hyllytasoa sopivat esimerksiksi kengille tai laatikoille.<\/p>\n<p>Penkin enimm\u00e4iskantavuus 100 kg. Koottava.&nbsp;<\/p>\n<p>Leveys: 80 cm<\/p>\n<p>Syvyys: 30 cm<\/p>\n<p>Korkeus: 51 cm<\/p>\n","protected":false},"excerpt":{"rendered":"<p>Tyylik\u00e4s metallirunkoinen penkki esimerkiksi eteiseen tai pukeutumishuoneeseen. Penkin istuinosa on pehmustettua keinonahkaa. Kaksi hyllytasoa sopivat esimerksiksi kengille tai laatikoille. Penkin enimm\u00e4iskantavuus 100 kg. Koottava.&nbsp; Leveys: 80 cm Syvyys: 30 cm Korkeus: 51 cm<\/p>\n","protected":false},"featured_media":18086,"comment_status":"closed","ping_status":"closed","template":"","meta":[],"product_brand":[],"product_cat":[491,377],"product_tag":[],"class_list":{"0":"post-18085","1":"product","2":"type-product","3":"status-publish","4":"has-post-thumbnail","6":"product_cat-kodin-sisustustuotteet","7":"product_cat-sisustus-lahjatavarat","9":"first","10":"instock","11":"taxable","12":"shipping-taxable","13":"purchasable","14":"product-type-simple"},"_links":{"self":[{"href":"https:\/\/www.ksttukku.fi\/kauppa\/wp-json\/wp\/v2\/product\/18085","targetHints":{"allow":["GET"]}}],"collection":[{"href":"https:\/\/www.ksttukku.fi\/kauppa\/wp-json\/wp\/v2\/product"}],"about":[{"href":"https:\/\/www.ksttukku.fi\/kauppa\/wp-json\/wp\/v2\/types\/product"}],"replies":[{"embeddable":true,"href":"https:\/\/www.ksttukku.fi\/kauppa\/wp-json\/wp\/v2\/comments?post=18085"}],"wp:featuredmedia":[{"embeddable":true,"href":"https:\/\/www.ksttukku.fi\/kauppa\/wp-json\/wp\/v2\/media\/18086"}],"wp:attachment":[{"href":"https:\/\/www.ksttukku.fi\/kauppa\/wp-json\/wp\/v2\/media?parent=18085"}],"wp:term":[{"taxonomy":"product_brand","embeddable":true,"href":"https:\/\/www.ksttukku.fi\/kauppa\/wp-json\/wp\/v2\/product_brand?post=18085"},{"taxonomy":"product_cat","embeddable":true,"href":"https:\/\/www.ksttukku.fi\/kauppa\/wp-json\/wp\/v2\/product_cat?post=18085"},{"taxonomy":"product_tag","embeddable":true,"href":"https:\/\/www.ksttukku.fi\/kauppa\/wp-json\/wp\/v2\/product_tag?post=18085"}],"curies":[{"name":"wp","href":"https:\/\/api.w.org\/{rel}","templated":true}]}}