{"id":18097,"date":"2025-08-13T15:39:30","date_gmt":"2025-08-13T12:39:30","guid":{"rendered":"https:\/\/www.ksttukku.fi\/kauppa\/?post_type=product&#038;p=18097"},"modified":"2025-08-13T15:39:31","modified_gmt":"2025-08-13T12:39:31","slug":"verano-select-kristallivalaisin-6-x-660-lm","status":"publish","type":"product","link":"https:\/\/www.ksttukku.fi\/kauppa\/tuote\/verano-select-kristallivalaisin-6-x-660-lm\/","title":{"rendered":"VERANO select kristallivalaisin  6 x 660 lm"},"content":{"rendered":"<p>VERANO-riippuvalaisimessa yhdistyv\u00e4t hieno kristalli luoden vaikuttavan valon ja varjon vuorovaikutuksen sek\u00e4 korkealaatuinen krominen metalli<\/p>\n<p>Kirkkautta voidaan s\u00e4\u00e4t\u00e4\u00e4 kolmessa vaiheessa valokatkaisimella, ja valon v\u00e4ri voidaan asettaa suoraan valaisimessa.<\/p>\n<p>L\u00e4pin\u00e4kyv\u00e4t kristallit ja krominv\u00e4rinen metalli antavat valaisimelle ylellisen ilmeen ja sopivat harmonisesti mihin tahansa moderniin asumiskonseptiin.<\/p>\n<p>Valaisimessa on my\u00f6s nykyaikainen LED-tekniikka, jolle on ominaista korkea valonlaatu ja energiatehokkuus.&nbsp;<\/p>\n<p>V\u00e4ril\u00e4mp\u00f6tila 2300+3000+4000K<\/p>\n<p>&nbsp;Valovirta:&nbsp; &nbsp;6x 660 lm<\/p>\n<p>Leveys&nbsp; &nbsp; 94 cm<\/p>\n<p>Korkeus 150 cm<\/p>\n<p>Syvyys&nbsp; &nbsp; 20 cm<\/p>\n","protected":false},"excerpt":{"rendered":"<p>VERANO-riippuvalaisimessa yhdistyv\u00e4t hieno kristalli luoden vaikuttavan valon ja varjon vuorovaikutuksen sek\u00e4 korkealaatuinen krominen metalli Kirkkautta voidaan s\u00e4\u00e4t\u00e4\u00e4 kolmessa vaiheessa valokatkaisimella, ja valon v\u00e4ri voidaan asettaa suoraan valaisimessa. L\u00e4pin\u00e4kyv\u00e4t kristallit ja krominv\u00e4rinen metalli antavat valaisimelle ylellisen ilmeen ja sopivat harmonisesti mihin tahansa moderniin asumiskonseptiin. Valaisimessa on my\u00f6s nykyaikainen LED-tekniikka, jolle on ominaista korkea valonlaatu ja energiatehokkuus.&nbsp; [&hellip;]<\/p>\n","protected":false},"featured_media":18100,"comment_status":"closed","ping_status":"closed","template":"","meta":[],"product_brand":[],"product_cat":[49,35,34],"product_tag":[],"class_list":{"0":"post-18097","1":"product","2":"type-product","3":"status-publish","4":"has-post-thumbnail","6":"product_cat-riippuvalaisimet","7":"product_cat-sisavalaisimet","8":"product_cat-valaisimet","10":"first","11":"instock","12":"taxable","13":"shipping-taxable","14":"purchasable","15":"product-type-simple"},"_links":{"self":[{"href":"https:\/\/www.ksttukku.fi\/kauppa\/wp-json\/wp\/v2\/product\/18097","targetHints":{"allow":["GET"]}}],"collection":[{"href":"https:\/\/www.ksttukku.fi\/kauppa\/wp-json\/wp\/v2\/product"}],"about":[{"href":"https:\/\/www.ksttukku.fi\/kauppa\/wp-json\/wp\/v2\/types\/product"}],"replies":[{"embeddable":true,"href":"https:\/\/www.ksttukku.fi\/kauppa\/wp-json\/wp\/v2\/comments?post=18097"}],"wp:featuredmedia":[{"embeddable":true,"href":"https:\/\/www.ksttukku.fi\/kauppa\/wp-json\/wp\/v2\/media\/18100"}],"wp:attachment":[{"href":"https:\/\/www.ksttukku.fi\/kauppa\/wp-json\/wp\/v2\/media?parent=18097"}],"wp:term":[{"taxonomy":"product_brand","embeddable":true,"href":"https:\/\/www.ksttukku.fi\/kauppa\/wp-json\/wp\/v2\/product_brand?post=18097"},{"taxonomy":"product_cat","embeddable":true,"href":"https:\/\/www.ksttukku.fi\/kauppa\/wp-json\/wp\/v2\/product_cat?post=18097"},{"taxonomy":"product_tag","embeddable":true,"href":"https:\/\/www.ksttukku.fi\/kauppa\/wp-json\/wp\/v2\/product_tag?post=18097"}],"curies":[{"name":"wp","href":"https:\/\/api.w.org\/{rel}","templated":true}]}}