{"id":18101,"date":"2025-08-13T16:11:55","date_gmt":"2025-08-13T13:11:55","guid":{"rendered":"https:\/\/www.ksttukku.fi\/kauppa\/?post_type=product&#038;p=18101"},"modified":"2025-08-13T16:11:56","modified_gmt":"2025-08-13T13:11:56","slug":"verano-select-kristalliriippuvalaisin-55w","status":"publish","type":"product","link":"https:\/\/www.ksttukku.fi\/kauppa\/tuote\/verano-select-kristalliriippuvalaisin-55w\/","title":{"rendered":"VERANO select kristalliriippuvalaisin 5,5W"},"content":{"rendered":"<p>Upea Verano kristallivalaisin\/ikkunavalaisin<\/p>\n<p>L\u00e4pin\u00e4kyv\u00e4 kristalli ja krominv\u00e4rinen metalli antavat valaisimelle ylellisen ilmeen.<\/p>\n<p>Kirkkautta voidaan s\u00e4\u00e4t\u00e4\u00e4 kolmessa vaiheessa valokatkaisimella, ja valon v\u00e4ri voidaan asettaa suoraan valaisimessa.&nbsp;<\/p>\n<p>Kirkkautta voidaan s\u00e4\u00e4t\u00e4\u00e4 kolmessa vaiheessa valokatkaisimella, ja valon v\u00e4ri voidaan asettaa suoraan valaisimessa.<\/p>\n<p>Valoteho: 1x 660lm<\/p>\n<p>V\u00e4ril\u00e4mp\u00f6tila: 2300+3000+4000K<\/p>\n<p>Korkeus 150 cm<\/p>\n<p>Halkaisija&nbsp; 13 cm<\/p>\n","protected":false},"excerpt":{"rendered":"<p>Upea Verano kristallivalaisin\/ikkunavalaisin L\u00e4pin\u00e4kyv\u00e4 kristalli ja krominv\u00e4rinen metalli antavat valaisimelle ylellisen ilmeen. Kirkkautta voidaan s\u00e4\u00e4t\u00e4\u00e4 kolmessa vaiheessa valokatkaisimella, ja valon v\u00e4ri voidaan asettaa suoraan valaisimessa.&nbsp; Kirkkautta voidaan s\u00e4\u00e4t\u00e4\u00e4 kolmessa vaiheessa valokatkaisimella, ja valon v\u00e4ri voidaan asettaa suoraan valaisimessa. Valoteho: 1x 660lm V\u00e4ril\u00e4mp\u00f6tila: 2300+3000+4000K Korkeus 150 cm Halkaisija&nbsp; 13 cm<\/p>\n","protected":false},"featured_media":18103,"comment_status":"closed","ping_status":"closed","template":"","meta":[],"product_brand":[],"product_cat":[315,49,35,34],"product_tag":[],"class_list":{"0":"post-18101","1":"product","2":"type-product","3":"status-publish","4":"has-post-thumbnail","6":"product_cat-ikkunavalaisimet","7":"product_cat-riippuvalaisimet","8":"product_cat-sisavalaisimet","9":"product_cat-valaisimet","11":"first","12":"instock","13":"taxable","14":"shipping-taxable","15":"purchasable","16":"product-type-simple"},"_links":{"self":[{"href":"https:\/\/www.ksttukku.fi\/kauppa\/wp-json\/wp\/v2\/product\/18101","targetHints":{"allow":["GET"]}}],"collection":[{"href":"https:\/\/www.ksttukku.fi\/kauppa\/wp-json\/wp\/v2\/product"}],"about":[{"href":"https:\/\/www.ksttukku.fi\/kauppa\/wp-json\/wp\/v2\/types\/product"}],"replies":[{"embeddable":true,"href":"https:\/\/www.ksttukku.fi\/kauppa\/wp-json\/wp\/v2\/comments?post=18101"}],"wp:featuredmedia":[{"embeddable":true,"href":"https:\/\/www.ksttukku.fi\/kauppa\/wp-json\/wp\/v2\/media\/18103"}],"wp:attachment":[{"href":"https:\/\/www.ksttukku.fi\/kauppa\/wp-json\/wp\/v2\/media?parent=18101"}],"wp:term":[{"taxonomy":"product_brand","embeddable":true,"href":"https:\/\/www.ksttukku.fi\/kauppa\/wp-json\/wp\/v2\/product_brand?post=18101"},{"taxonomy":"product_cat","embeddable":true,"href":"https:\/\/www.ksttukku.fi\/kauppa\/wp-json\/wp\/v2\/product_cat?post=18101"},{"taxonomy":"product_tag","embeddable":true,"href":"https:\/\/www.ksttukku.fi\/kauppa\/wp-json\/wp\/v2\/product_tag?post=18101"}],"curies":[{"name":"wp","href":"https:\/\/api.w.org\/{rel}","templated":true}]}}