{"id":18109,"date":"2025-08-14T16:46:00","date_gmt":"2025-08-14T13:46:00","guid":{"rendered":"https:\/\/www.ksttukku.fi\/kauppa\/?post_type=product&#038;p=18109"},"modified":"2025-08-14T17:03:13","modified_gmt":"2025-08-14T14:03:13","slug":"geta-lattiavalaisin-146-cm-harjattuteras","status":"publish","type":"product","link":"https:\/\/www.ksttukku.fi\/kauppa\/tuote\/geta-lattiavalaisin-146-cm-harjattuteras\/","title":{"rendered":"Geta lattiavalaisin 140 cm harjattuter\u00e4s"},"content":{"rendered":"<p>Laadukas ja tukeva Geta Iattiavalaisin soveltuu hyvin luku- ja k\u00e4sity\u00f6valaistukseen<\/p>\n<p>Kanta: E14<\/p>\n<p>Korkeus: 140 cm<\/p>\n<p>Johdonpituus: 2m, kytkin johdossa<\/p>\n","protected":false},"excerpt":{"rendered":"<p>Laadukas ja tukeva Geta Iattiavalaisin soveltuu hyvin luku- ja k\u00e4sity\u00f6valaistukseen Kanta: E14 Korkeus: 140 cm Johdonpituus: 2m, kytkin johdossa<\/p>\n","protected":false},"featured_media":18111,"comment_status":"closed","ping_status":"closed","template":"","meta":[],"product_brand":[],"product_cat":[43,34],"product_tag":[],"class_list":{"0":"post-18109","1":"product","2":"type-product","3":"status-publish","4":"has-post-thumbnail","6":"product_cat-lattiavalaisimet","7":"product_cat-valaisimet","9":"first","10":"instock","11":"taxable","12":"shipping-taxable","13":"purchasable","14":"product-type-simple"},"_links":{"self":[{"href":"https:\/\/www.ksttukku.fi\/kauppa\/wp-json\/wp\/v2\/product\/18109","targetHints":{"allow":["GET"]}}],"collection":[{"href":"https:\/\/www.ksttukku.fi\/kauppa\/wp-json\/wp\/v2\/product"}],"about":[{"href":"https:\/\/www.ksttukku.fi\/kauppa\/wp-json\/wp\/v2\/types\/product"}],"replies":[{"embeddable":true,"href":"https:\/\/www.ksttukku.fi\/kauppa\/wp-json\/wp\/v2\/comments?post=18109"}],"wp:featuredmedia":[{"embeddable":true,"href":"https:\/\/www.ksttukku.fi\/kauppa\/wp-json\/wp\/v2\/media\/18111"}],"wp:attachment":[{"href":"https:\/\/www.ksttukku.fi\/kauppa\/wp-json\/wp\/v2\/media?parent=18109"}],"wp:term":[{"taxonomy":"product_brand","embeddable":true,"href":"https:\/\/www.ksttukku.fi\/kauppa\/wp-json\/wp\/v2\/product_brand?post=18109"},{"taxonomy":"product_cat","embeddable":true,"href":"https:\/\/www.ksttukku.fi\/kauppa\/wp-json\/wp\/v2\/product_cat?post=18109"},{"taxonomy":"product_tag","embeddable":true,"href":"https:\/\/www.ksttukku.fi\/kauppa\/wp-json\/wp\/v2\/product_tag?post=18109"}],"curies":[{"name":"wp","href":"https:\/\/api.w.org\/{rel}","templated":true}]}}