{"id":1811,"date":"2018-06-27T17:47:48","date_gmt":"2018-06-27T14:47:48","guid":{"rendered":"http:\/\/www.ksttukku.fi\/kauppa\/?post_type=product&#038;p=1811"},"modified":"2025-11-25T13:52:57","modified_gmt":"2025-11-25T11:52:57","slug":"led-valonauha-12v-10w-ip20-9e-m","status":"publish","type":"product","link":"https:\/\/www.ksttukku.fi\/kauppa\/tuote\/led-valonauha-12v-10w-ip20-9e-m\/","title":{"rendered":"Led valonauha 12V, 10W, IP20, 4000K, 8,50\u20ac\/m"},"content":{"rendered":"<p>LED-valonauha monipuoliseen valaistukseen. Helppo asentaa pienehk\u00f6\u00f6n tilaan ja antaa tehokkaan puhtaan valkoisen valaistuksen.<\/p>\n<p>Teho: 10W\/m<\/p>\n<p>IP-luokitus: IP20<\/p>\n<p>V\u00e4ril\u00e4mp\u00f6: 4000 K<\/p>\n","protected":false},"excerpt":{"rendered":"<p>Nauhan maksimi pituus 30m<\/p>\n","protected":false},"featured_media":1816,"comment_status":"closed","ping_status":"closed","template":"","meta":[],"product_brand":[],"product_cat":[45],"product_tag":[],"class_list":{"0":"post-1811","1":"product","2":"type-product","3":"status-publish","4":"has-post-thumbnail","6":"product_cat-valonauhat","8":"first","9":"outofstock","10":"taxable","11":"shipping-taxable","12":"purchasable","13":"product-type-simple"},"_links":{"self":[{"href":"https:\/\/www.ksttukku.fi\/kauppa\/wp-json\/wp\/v2\/product\/1811","targetHints":{"allow":["GET"]}}],"collection":[{"href":"https:\/\/www.ksttukku.fi\/kauppa\/wp-json\/wp\/v2\/product"}],"about":[{"href":"https:\/\/www.ksttukku.fi\/kauppa\/wp-json\/wp\/v2\/types\/product"}],"replies":[{"embeddable":true,"href":"https:\/\/www.ksttukku.fi\/kauppa\/wp-json\/wp\/v2\/comments?post=1811"}],"wp:featuredmedia":[{"embeddable":true,"href":"https:\/\/www.ksttukku.fi\/kauppa\/wp-json\/wp\/v2\/media\/1816"}],"wp:attachment":[{"href":"https:\/\/www.ksttukku.fi\/kauppa\/wp-json\/wp\/v2\/media?parent=1811"}],"wp:term":[{"taxonomy":"product_brand","embeddable":true,"href":"https:\/\/www.ksttukku.fi\/kauppa\/wp-json\/wp\/v2\/product_brand?post=1811"},{"taxonomy":"product_cat","embeddable":true,"href":"https:\/\/www.ksttukku.fi\/kauppa\/wp-json\/wp\/v2\/product_cat?post=1811"},{"taxonomy":"product_tag","embeddable":true,"href":"https:\/\/www.ksttukku.fi\/kauppa\/wp-json\/wp\/v2\/product_tag?post=1811"}],"curies":[{"name":"wp","href":"https:\/\/api.w.org\/{rel}","templated":true}]}}