{"id":18142,"date":"2025-08-22T15:52:53","date_gmt":"2025-08-22T12:52:53","guid":{"rendered":"https:\/\/www.ksttukku.fi\/kauppa\/?post_type=product&#038;p=18142"},"modified":"2025-08-22T15:52:53","modified_gmt":"2025-08-22T12:52:53","slug":"piave-ulkokattovalaisin-11-w-ip-54-liiketunnistimella","status":"publish","type":"product","link":"https:\/\/www.ksttukku.fi\/kauppa\/tuote\/piave-ulkokattovalaisin-11-w-ip-54-liiketunnistimella\/","title":{"rendered":"PIAVE-ulkokattovalaisin 11 W  IP 54 liiketunnistimella"},"content":{"rendered":"<p>&nbsp;IP54-suojausluokituksen ansiosta 9 cm korkea sein\u00e4valaisin, jonka ymp\u00e4rysmitta on 30 cm, sopii erinomaisesti ulkotilojen valaisemiseen. Valaisimessa on my\u00f6s liiketunnistin, joka takaa turvallisen ymp\u00e4rist\u00f6n erityisesti vuoden pimein\u00e4 kuukausina.<\/p>\n<p>V\u00e4ri: mattavalkoinen<\/p>\n<p>Materiaali: muovi<\/p>\n<p>Valoteho:&nbsp; 1180 lm<\/p>\n<p>V\u00e4ril\u00e4mp\u00f6tila: 3000K<\/p>\n<p>Sein\u00e4- ja kattokiinnitys<\/p>\n","protected":false},"excerpt":{"rendered":"<p>&nbsp;IP54-suojausluokituksen ansiosta 9 cm korkea sein\u00e4valaisin, jonka ymp\u00e4rysmitta on 30 cm, sopii erinomaisesti ulkotilojen valaisemiseen. Valaisimessa on my\u00f6s liiketunnistin, joka takaa turvallisen ymp\u00e4rist\u00f6n erityisesti vuoden pimein\u00e4 kuukausina. V\u00e4ri: mattavalkoinen Materiaali: muovi Valoteho:&nbsp; 1180 lm V\u00e4ril\u00e4mp\u00f6tila: 3000K Sein\u00e4- ja kattokiinnitys<\/p>\n","protected":false},"featured_media":18143,"comment_status":"closed","ping_status":"closed","template":"","meta":[],"product_brand":[],"product_cat":[174,48,37,36,34],"product_tag":[],"class_list":{"0":"post-18142","1":"product","2":"type-product","3":"status-publish","4":"has-post-thumbnail","6":"product_cat-riippuvalaisimet-ulkovalaisimet","7":"product_cat-kosteantilanvalaisimet","8":"product_cat-seinavalaisimet","9":"product_cat-ulkovalaisimet","10":"product_cat-valaisimet","12":"first","13":"instock","14":"taxable","15":"shipping-taxable","16":"purchasable","17":"product-type-simple"},"_links":{"self":[{"href":"https:\/\/www.ksttukku.fi\/kauppa\/wp-json\/wp\/v2\/product\/18142","targetHints":{"allow":["GET"]}}],"collection":[{"href":"https:\/\/www.ksttukku.fi\/kauppa\/wp-json\/wp\/v2\/product"}],"about":[{"href":"https:\/\/www.ksttukku.fi\/kauppa\/wp-json\/wp\/v2\/types\/product"}],"replies":[{"embeddable":true,"href":"https:\/\/www.ksttukku.fi\/kauppa\/wp-json\/wp\/v2\/comments?post=18142"}],"wp:featuredmedia":[{"embeddable":true,"href":"https:\/\/www.ksttukku.fi\/kauppa\/wp-json\/wp\/v2\/media\/18143"}],"wp:attachment":[{"href":"https:\/\/www.ksttukku.fi\/kauppa\/wp-json\/wp\/v2\/media?parent=18142"}],"wp:term":[{"taxonomy":"product_brand","embeddable":true,"href":"https:\/\/www.ksttukku.fi\/kauppa\/wp-json\/wp\/v2\/product_brand?post=18142"},{"taxonomy":"product_cat","embeddable":true,"href":"https:\/\/www.ksttukku.fi\/kauppa\/wp-json\/wp\/v2\/product_cat?post=18142"},{"taxonomy":"product_tag","embeddable":true,"href":"https:\/\/www.ksttukku.fi\/kauppa\/wp-json\/wp\/v2\/product_tag?post=18142"}],"curies":[{"name":"wp","href":"https:\/\/api.w.org\/{rel}","templated":true}]}}