{"id":18152,"date":"2025-08-23T11:44:35","date_gmt":"2025-08-23T08:44:35","guid":{"rendered":"https:\/\/www.ksttukku.fi\/kauppa\/?post_type=product&#038;p=18152"},"modified":"2025-08-23T11:44:36","modified_gmt":"2025-08-23T08:44:36","slug":"tendo-lattiavalaisin-11w-rgb","status":"publish","type":"product","link":"https:\/\/www.ksttukku.fi\/kauppa\/tuote\/tendo-lattiavalaisin-11w-rgb\/","title":{"rendered":"TENDO-lattiavalaisin 11W RGB"},"content":{"rendered":"<p>Dynamic Light -toiminto luo kiehtovan tunnelman esiohjelmoiduilla, dynaamisilla valaistusskenaarioilla, jotka lis\u00e4\u00e4v\u00e4t kiehtovia valotehosteita moniv\u00e4riseen tai yksiv\u00e4riseen tunnelmavalaistukseen. Valaisimessa on my\u00f6s Sound Control -toiminto. Sis\u00e4\u00e4nrakennetun mikrofonin avulla RGB-LEDit reagoivat ymp\u00e4rist\u00f6n \u00e4\u00e4niin reaaliaikaisesti ja muuttavat musiikin, elokuvat ja pelit kiehtoviksi, rytmikk\u00e4\u00e4sti mukautetuiksi valoefekteiksi<\/p>\n<p>Kaukos\u00e4\u00e4timen avulla voit s\u00e4\u00e4t\u00e4\u00e4 kirkkauden ja RGB-v\u00e4rinvaihtimen omien mieltymystesi mukaan.&nbsp;<\/p>\n<p>Korkeus: 115 cm<\/p>\n<p>Usb,himmennystoiminto,<\/p>\n<p>Materiaali: metalli\/muovi<\/p>\n<p>V\u00e4ri: musta<\/p>\n","protected":false},"excerpt":{"rendered":"<p>Dynamic Light -toiminto luo kiehtovan tunnelman esiohjelmoiduilla, dynaamisilla valaistusskenaarioilla, jotka lis\u00e4\u00e4v\u00e4t kiehtovia valotehosteita moniv\u00e4riseen tai yksiv\u00e4riseen tunnelmavalaistukseen. Valaisimessa on my\u00f6s Sound Control -toiminto. Sis\u00e4\u00e4nrakennetun mikrofonin avulla RGB-LEDit reagoivat ymp\u00e4rist\u00f6n \u00e4\u00e4niin reaaliaikaisesti ja muuttavat musiikin, elokuvat ja pelit kiehtoviksi, rytmikk\u00e4\u00e4sti mukautetuiksi valoefekteiksi Kaukos\u00e4\u00e4timen avulla voit s\u00e4\u00e4t\u00e4\u00e4 kirkkauden ja RGB-v\u00e4rinvaihtimen omien mieltymystesi mukaan.&nbsp; Korkeus: 115 cm Usb,himmennystoiminto, [&hellip;]<\/p>\n","protected":false},"featured_media":18156,"comment_status":"closed","ping_status":"closed","template":"","meta":[],"product_brand":[],"product_cat":[43,35,34],"product_tag":[],"class_list":{"0":"post-18152","1":"product","2":"type-product","3":"status-publish","4":"has-post-thumbnail","6":"product_cat-lattiavalaisimet","7":"product_cat-sisavalaisimet","8":"product_cat-valaisimet","10":"first","11":"instock","12":"taxable","13":"shipping-taxable","14":"purchasable","15":"product-type-simple"},"_links":{"self":[{"href":"https:\/\/www.ksttukku.fi\/kauppa\/wp-json\/wp\/v2\/product\/18152","targetHints":{"allow":["GET"]}}],"collection":[{"href":"https:\/\/www.ksttukku.fi\/kauppa\/wp-json\/wp\/v2\/product"}],"about":[{"href":"https:\/\/www.ksttukku.fi\/kauppa\/wp-json\/wp\/v2\/types\/product"}],"replies":[{"embeddable":true,"href":"https:\/\/www.ksttukku.fi\/kauppa\/wp-json\/wp\/v2\/comments?post=18152"}],"wp:featuredmedia":[{"embeddable":true,"href":"https:\/\/www.ksttukku.fi\/kauppa\/wp-json\/wp\/v2\/media\/18156"}],"wp:attachment":[{"href":"https:\/\/www.ksttukku.fi\/kauppa\/wp-json\/wp\/v2\/media?parent=18152"}],"wp:term":[{"taxonomy":"product_brand","embeddable":true,"href":"https:\/\/www.ksttukku.fi\/kauppa\/wp-json\/wp\/v2\/product_brand?post=18152"},{"taxonomy":"product_cat","embeddable":true,"href":"https:\/\/www.ksttukku.fi\/kauppa\/wp-json\/wp\/v2\/product_cat?post=18152"},{"taxonomy":"product_tag","embeddable":true,"href":"https:\/\/www.ksttukku.fi\/kauppa\/wp-json\/wp\/v2\/product_tag?post=18152"}],"curies":[{"name":"wp","href":"https:\/\/api.w.org\/{rel}","templated":true}]}}