{"id":18162,"date":"2025-08-23T12:25:35","date_gmt":"2025-08-23T09:25:35","guid":{"rendered":"https:\/\/www.ksttukku.fi\/kauppa\/?post_type=product&#038;p=18162"},"modified":"2026-04-27T17:00:35","modified_gmt":"2026-04-27T14:00:35","slug":"melo-aurinkokennovalaisin-20-cm","status":"publish","type":"product","link":"https:\/\/www.ksttukku.fi\/kauppa\/tuote\/melo-aurinkokennovalaisin-20-cm\/","title":{"rendered":"MELO aurinkokennovalaisin  20 cm"},"content":{"rendered":"<p>Py\u00f6re\u00e4 MELO-aurinkovalaisin luo tunnelmallista valoa puutarhaan.<\/p>\n<p>Ohjaa sit\u00e4 valaisimessa olevalla kytkimell\u00e4 ja mukana tulevalla kaukos\u00e4\u00e4timell\u00e4. IP65-suojausluokan ansiosta valaisin on p\u00f6lytiivis ja suojattu vesisuihkuilta. Aurinkovalaisimen valaistusaika on 6 tuntia ja latausaika noin 8 tuntia.<\/p>\n<p>Integroitu led-valonl\u00e4hde.<\/p>\n<p>H\u00e4m\u00e4r\u00e4tunnistin, muistitoiminto<\/p>\n<p>&nbsp;V\u00e4rinvaihtotoiminto ( valkoinen, punainen, sininen ja vihre\u00e4)<\/p>\n<p>Materiaali: muovi<\/p>\n<p>V\u00e4ri. valkoinen<\/p>\n<p>Halkaisija: 20 cm<\/p>\n","protected":false},"excerpt":{"rendered":"<p>Py\u00f6re\u00e4 MELO-aurinkovalaisin luo tunnelmallista valoa puutarhaan. Ohjaa sit\u00e4 valaisimessa olevalla kytkimell\u00e4 ja mukana tulevalla kaukos\u00e4\u00e4timell\u00e4. IP65-suojausluokan ansiosta valaisin on p\u00f6lytiivis ja suojattu vesisuihkuilta. Aurinkovalaisimen valaistusaika on 6 tuntia ja latausaika noin 8 tuntia. Integroitu led-valonl\u00e4hde. H\u00e4m\u00e4r\u00e4tunnistin, muistitoiminto &nbsp;V\u00e4rinvaihtotoiminto ( valkoinen, punainen, sininen ja vihre\u00e4) Materiaali: muovi V\u00e4ri. valkoinen Halkaisija: 20 cm<\/p>\n","protected":false},"featured_media":18158,"comment_status":"closed","ping_status":"closed","template":"","meta":[],"product_brand":[],"product_cat":[306,362,36,34],"product_tag":[],"class_list":{"0":"post-18162","1":"product","2":"type-product","3":"status-publish","4":"has-post-thumbnail","6":"product_cat-aurinkokennovalaisimet","7":"product_cat-puutarhavalaisimet","8":"product_cat-ulkovalaisimet","9":"product_cat-valaisimet","11":"first","12":"outofstock","13":"taxable","14":"shipping-taxable","15":"purchasable","16":"product-type-simple"},"_links":{"self":[{"href":"https:\/\/www.ksttukku.fi\/kauppa\/wp-json\/wp\/v2\/product\/18162","targetHints":{"allow":["GET"]}}],"collection":[{"href":"https:\/\/www.ksttukku.fi\/kauppa\/wp-json\/wp\/v2\/product"}],"about":[{"href":"https:\/\/www.ksttukku.fi\/kauppa\/wp-json\/wp\/v2\/types\/product"}],"replies":[{"embeddable":true,"href":"https:\/\/www.ksttukku.fi\/kauppa\/wp-json\/wp\/v2\/comments?post=18162"}],"wp:featuredmedia":[{"embeddable":true,"href":"https:\/\/www.ksttukku.fi\/kauppa\/wp-json\/wp\/v2\/media\/18158"}],"wp:attachment":[{"href":"https:\/\/www.ksttukku.fi\/kauppa\/wp-json\/wp\/v2\/media?parent=18162"}],"wp:term":[{"taxonomy":"product_brand","embeddable":true,"href":"https:\/\/www.ksttukku.fi\/kauppa\/wp-json\/wp\/v2\/product_brand?post=18162"},{"taxonomy":"product_cat","embeddable":true,"href":"https:\/\/www.ksttukku.fi\/kauppa\/wp-json\/wp\/v2\/product_cat?post=18162"},{"taxonomy":"product_tag","embeddable":true,"href":"https:\/\/www.ksttukku.fi\/kauppa\/wp-json\/wp\/v2\/product_tag?post=18162"}],"curies":[{"name":"wp","href":"https:\/\/api.w.org\/{rel}","templated":true}]}}