{"id":18165,"date":"2025-08-23T12:57:02","date_gmt":"2025-08-23T09:57:02","guid":{"rendered":"https:\/\/www.ksttukku.fi\/kauppa\/?post_type=product&#038;p=18165"},"modified":"2025-08-23T12:57:02","modified_gmt":"2025-08-23T09:57:02","slug":"camillus-kattovalaisin-ip-44-40-cm-valkoinen-2700-lm","status":"publish","type":"product","link":"https:\/\/www.ksttukku.fi\/kauppa\/tuote\/camillus-kattovalaisin-ip-44-40-cm-valkoinen-2700-lm\/","title":{"rendered":"CAMILLUS kattovalaisin IP 44   40 cm  valkoinen  2700 lm"},"content":{"rendered":"<p>Kosteantilan valaisin Camillus<\/p>\n<p>&nbsp;Integroidulla SWITCH-himmentimell\u00e4 voidaan valita kolme eri kirkkaustasoa my\u00f6s perinteisell\u00e4 valokytkimell\u00e4.<\/p>\n<p>valon voimakkuutta voidaan s\u00e4\u00e4t\u00e4\u00e4 100 %:sta 50 %:iin ja 25 %:iin,&nbsp;<\/p>\n<p>Koko: 40 x 40 cm<\/p>\n<p>Syvyys: 3 cm<\/p>\n<p>Materiaali: muovi\/akryyli<\/p>\n","protected":false},"excerpt":{"rendered":"<p>Kosteantilan valaisin Camillus &nbsp;Integroidulla SWITCH-himmentimell\u00e4 voidaan valita kolme eri kirkkaustasoa my\u00f6s perinteisell\u00e4 valokytkimell\u00e4. valon voimakkuutta voidaan s\u00e4\u00e4t\u00e4\u00e4 100 %:sta 50 %:iin ja 25 %:iin,&nbsp; Koko: 40 x 40 cm Syvyys: 3 cm Materiaali: muovi\/akryyli<\/p>\n","protected":false},"featured_media":18166,"comment_status":"closed","ping_status":"closed","template":"","meta":[],"product_brand":[],"product_cat":[48,35,34],"product_tag":[],"class_list":{"0":"post-18165","1":"product","2":"type-product","3":"status-publish","4":"has-post-thumbnail","6":"product_cat-kosteantilanvalaisimet","7":"product_cat-sisavalaisimet","8":"product_cat-valaisimet","10":"first","11":"instock","12":"taxable","13":"shipping-taxable","14":"purchasable","15":"product-type-simple"},"_links":{"self":[{"href":"https:\/\/www.ksttukku.fi\/kauppa\/wp-json\/wp\/v2\/product\/18165","targetHints":{"allow":["GET"]}}],"collection":[{"href":"https:\/\/www.ksttukku.fi\/kauppa\/wp-json\/wp\/v2\/product"}],"about":[{"href":"https:\/\/www.ksttukku.fi\/kauppa\/wp-json\/wp\/v2\/types\/product"}],"replies":[{"embeddable":true,"href":"https:\/\/www.ksttukku.fi\/kauppa\/wp-json\/wp\/v2\/comments?post=18165"}],"wp:featuredmedia":[{"embeddable":true,"href":"https:\/\/www.ksttukku.fi\/kauppa\/wp-json\/wp\/v2\/media\/18166"}],"wp:attachment":[{"href":"https:\/\/www.ksttukku.fi\/kauppa\/wp-json\/wp\/v2\/media?parent=18165"}],"wp:term":[{"taxonomy":"product_brand","embeddable":true,"href":"https:\/\/www.ksttukku.fi\/kauppa\/wp-json\/wp\/v2\/product_brand?post=18165"},{"taxonomy":"product_cat","embeddable":true,"href":"https:\/\/www.ksttukku.fi\/kauppa\/wp-json\/wp\/v2\/product_cat?post=18165"},{"taxonomy":"product_tag","embeddable":true,"href":"https:\/\/www.ksttukku.fi\/kauppa\/wp-json\/wp\/v2\/product_tag?post=18165"}],"curies":[{"name":"wp","href":"https:\/\/api.w.org\/{rel}","templated":true}]}}