{"id":18175,"date":"2025-08-23T14:35:48","date_gmt":"2025-08-23T11:35:48","guid":{"rendered":"https:\/\/www.ksttukku.fi\/kauppa\/?post_type=product&#038;p=18175"},"modified":"2025-08-23T14:35:48","modified_gmt":"2025-08-23T11:35:48","slug":"trondheim-kattotuuletinvalaisin","status":"publish","type":"product","link":"https:\/\/www.ksttukku.fi\/kauppa\/tuote\/trondheim-kattotuuletinvalaisin\/","title":{"rendered":"TRONDHEIM  kattotuuletinvalaisin"},"content":{"rendered":"<p>Retro-henkinen kattotuuletinvalaisin<\/p>\n<p>Modernin muotoilun ansiosta kattovalaisin sopii t\u00e4ydellisesti nykyisiin sis\u00e4tiloihin.&nbsp;<\/p>\n<p>Kolmella nopeustasolla ja integroidulla ajastintoiminnolla varustettu tuuletinvalaisin<\/p>\n<p>Kes\u00e4- ja talvitoiminto tuulettimessa.<\/p>\n<p>Halkaisija: 48 cm<\/p>\n<p>Korkeus: 17,5 cm<\/p>\n<p>V\u00e4ri: mattamusta\/puukuvio<\/p>\n","protected":false},"excerpt":{"rendered":"<p>Retro-henkinen kattotuuletinvalaisin Modernin muotoilun ansiosta kattovalaisin sopii t\u00e4ydellisesti nykyisiin sis\u00e4tiloihin.&nbsp; Kolmella nopeustasolla ja integroidulla ajastintoiminnolla varustettu tuuletinvalaisin Kes\u00e4- ja talvitoiminto tuulettimessa. Halkaisija: 48 cm Korkeus: 17,5 cm V\u00e4ri: mattamusta\/puukuvio<\/p>\n","protected":false},"featured_media":18176,"comment_status":"closed","ping_status":"closed","template":"","meta":[],"product_brand":[],"product_cat":[175,35,34],"product_tag":[],"class_list":{"0":"post-18175","1":"product","2":"type-product","3":"status-publish","4":"has-post-thumbnail","6":"product_cat-tuuletinvalaisimet","7":"product_cat-sisavalaisimet","8":"product_cat-valaisimet","10":"first","11":"instock","12":"taxable","13":"shipping-taxable","14":"purchasable","15":"product-type-simple"},"_links":{"self":[{"href":"https:\/\/www.ksttukku.fi\/kauppa\/wp-json\/wp\/v2\/product\/18175","targetHints":{"allow":["GET"]}}],"collection":[{"href":"https:\/\/www.ksttukku.fi\/kauppa\/wp-json\/wp\/v2\/product"}],"about":[{"href":"https:\/\/www.ksttukku.fi\/kauppa\/wp-json\/wp\/v2\/types\/product"}],"replies":[{"embeddable":true,"href":"https:\/\/www.ksttukku.fi\/kauppa\/wp-json\/wp\/v2\/comments?post=18175"}],"wp:featuredmedia":[{"embeddable":true,"href":"https:\/\/www.ksttukku.fi\/kauppa\/wp-json\/wp\/v2\/media\/18176"}],"wp:attachment":[{"href":"https:\/\/www.ksttukku.fi\/kauppa\/wp-json\/wp\/v2\/media?parent=18175"}],"wp:term":[{"taxonomy":"product_brand","embeddable":true,"href":"https:\/\/www.ksttukku.fi\/kauppa\/wp-json\/wp\/v2\/product_brand?post=18175"},{"taxonomy":"product_cat","embeddable":true,"href":"https:\/\/www.ksttukku.fi\/kauppa\/wp-json\/wp\/v2\/product_cat?post=18175"},{"taxonomy":"product_tag","embeddable":true,"href":"https:\/\/www.ksttukku.fi\/kauppa\/wp-json\/wp\/v2\/product_tag?post=18175"}],"curies":[{"name":"wp","href":"https:\/\/api.w.org\/{rel}","templated":true}]}}