{"id":18193,"date":"2025-08-29T14:59:09","date_gmt":"2025-08-29T11:59:09","guid":{"rendered":"https:\/\/www.ksttukku.fi\/kauppa\/?post_type=product&#038;p=18193"},"modified":"2025-08-29T15:00:34","modified_gmt":"2025-08-29T12:00:34","slug":"may-nipistin-kohdevalaisin-musta","status":"publish","type":"product","link":"https:\/\/www.ksttukku.fi\/kauppa\/tuote\/may-nipistin-kohdevalaisin-musta\/","title":{"rendered":"May nipistin kohdevalaisin musta"},"content":{"rendered":"<p>Yksinkertainen nipistinvalaisin pitk\u00e4ll\u00e4 kromin v\u00e4risell\u00e4 taipuisalla varrella.<\/p>\n<p>Pitk\u00e4 taipuisa varsi mahdollistaa valon tehokkaan suuntamisen.<\/p>\n<p>Virtajohdon pituus on 1,8m.<\/p>\n<p>Kanta: e27<\/p>\n<p>Materiaali: metalli<\/p>\n","protected":false},"excerpt":{"rendered":"<p>Yksinkertainen nipistinvalaisin pitk\u00e4ll\u00e4 kromin v\u00e4risell\u00e4 taipuisalla varrella. Pitk\u00e4 taipuisa varsi mahdollistaa valon tehokkaan suuntamisen. Virtajohdon pituus on 1,8m. Kanta: e27 Materiaali: metalli<\/p>\n","protected":false},"featured_media":18194,"comment_status":"closed","ping_status":"closed","template":"","meta":[],"product_brand":[],"product_cat":[307,41,35,34],"product_tag":[],"class_list":{"0":"post-18193","1":"product","2":"type-product","3":"status-publish","4":"has-post-thumbnail","6":"product_cat-klipsivalaisimet","7":"product_cat-kohdevalaisimet","8":"product_cat-sisavalaisimet","9":"product_cat-valaisimet","11":"first","12":"instock","13":"taxable","14":"shipping-taxable","15":"purchasable","16":"product-type-simple"},"_links":{"self":[{"href":"https:\/\/www.ksttukku.fi\/kauppa\/wp-json\/wp\/v2\/product\/18193","targetHints":{"allow":["GET"]}}],"collection":[{"href":"https:\/\/www.ksttukku.fi\/kauppa\/wp-json\/wp\/v2\/product"}],"about":[{"href":"https:\/\/www.ksttukku.fi\/kauppa\/wp-json\/wp\/v2\/types\/product"}],"replies":[{"embeddable":true,"href":"https:\/\/www.ksttukku.fi\/kauppa\/wp-json\/wp\/v2\/comments?post=18193"}],"wp:featuredmedia":[{"embeddable":true,"href":"https:\/\/www.ksttukku.fi\/kauppa\/wp-json\/wp\/v2\/media\/18194"}],"wp:attachment":[{"href":"https:\/\/www.ksttukku.fi\/kauppa\/wp-json\/wp\/v2\/media?parent=18193"}],"wp:term":[{"taxonomy":"product_brand","embeddable":true,"href":"https:\/\/www.ksttukku.fi\/kauppa\/wp-json\/wp\/v2\/product_brand?post=18193"},{"taxonomy":"product_cat","embeddable":true,"href":"https:\/\/www.ksttukku.fi\/kauppa\/wp-json\/wp\/v2\/product_cat?post=18193"},{"taxonomy":"product_tag","embeddable":true,"href":"https:\/\/www.ksttukku.fi\/kauppa\/wp-json\/wp\/v2\/product_tag?post=18193"}],"curies":[{"name":"wp","href":"https:\/\/api.w.org\/{rel}","templated":true}]}}