{"id":18233,"date":"2025-09-04T16:35:04","date_gmt":"2025-09-04T13:35:04","guid":{"rendered":"https:\/\/www.ksttukku.fi\/kauppa\/?post_type=product&#038;p=18233"},"modified":"2025-09-04T16:35:04","modified_gmt":"2025-09-04T13:35:04","slug":"led-lamppu-g4-4000k-12v-himmennettava-star-trading","status":"publish","type":"product","link":"https:\/\/www.ksttukku.fi\/kauppa\/tuote\/led-lamppu-g4-4000k-12v-himmennettava-star-trading\/","title":{"rendered":"Led- lamppu G4  4000K 12V   himmennett\u00e4v\u00e4, Star Trading"},"content":{"rendered":"<p>Lamppukanta: G4<br \/>\nTeho: 1W<br \/>\nV\u00e4ril\u00e4mp\u00f6tila: 4000K<br \/>\nValoteho: 110 lm<\/p>\n<p>Halkaisija: 1 cm<br \/>\nKorkeus: 2,8 cm<\/p>\n","protected":false},"excerpt":{"rendered":"<p>Lamppukanta: G4 Teho: 1W V\u00e4ril\u00e4mp\u00f6tila: 4000K Valoteho: 110 lm Halkaisija: 1 cm Korkeus: 2,8 cm<\/p>\n","protected":false},"featured_media":18234,"comment_status":"closed","ping_status":"closed","template":"","meta":[],"product_brand":[],"product_cat":[188,186,185,34],"product_tag":[],"class_list":{"0":"post-18233","1":"product","2":"type-product","3":"status-publish","4":"has-post-thumbnail","6":"product_cat-himmennettavat-lamput","7":"product_cat-ledlamput","8":"product_cat-lamput","9":"product_cat-valaisimet","11":"first","12":"instock","13":"taxable","14":"shipping-taxable","15":"purchasable","16":"product-type-simple"},"_links":{"self":[{"href":"https:\/\/www.ksttukku.fi\/kauppa\/wp-json\/wp\/v2\/product\/18233","targetHints":{"allow":["GET"]}}],"collection":[{"href":"https:\/\/www.ksttukku.fi\/kauppa\/wp-json\/wp\/v2\/product"}],"about":[{"href":"https:\/\/www.ksttukku.fi\/kauppa\/wp-json\/wp\/v2\/types\/product"}],"replies":[{"embeddable":true,"href":"https:\/\/www.ksttukku.fi\/kauppa\/wp-json\/wp\/v2\/comments?post=18233"}],"wp:featuredmedia":[{"embeddable":true,"href":"https:\/\/www.ksttukku.fi\/kauppa\/wp-json\/wp\/v2\/media\/18234"}],"wp:attachment":[{"href":"https:\/\/www.ksttukku.fi\/kauppa\/wp-json\/wp\/v2\/media?parent=18233"}],"wp:term":[{"taxonomy":"product_brand","embeddable":true,"href":"https:\/\/www.ksttukku.fi\/kauppa\/wp-json\/wp\/v2\/product_brand?post=18233"},{"taxonomy":"product_cat","embeddable":true,"href":"https:\/\/www.ksttukku.fi\/kauppa\/wp-json\/wp\/v2\/product_cat?post=18233"},{"taxonomy":"product_tag","embeddable":true,"href":"https:\/\/www.ksttukku.fi\/kauppa\/wp-json\/wp\/v2\/product_tag?post=18233"}],"curies":[{"name":"wp","href":"https:\/\/api.w.org\/{rel}","templated":true}]}}