{"id":18235,"date":"2025-09-05T15:39:42","date_gmt":"2025-09-05T12:39:42","guid":{"rendered":"https:\/\/www.ksttukku.fi\/kauppa\/?post_type=product&#038;p=18235"},"modified":"2025-09-05T15:39:43","modified_gmt":"2025-09-05T12:39:43","slug":"laivavalaisin-pyorea-e27-ip44-musta","status":"publish","type":"product","link":"https:\/\/www.ksttukku.fi\/kauppa\/tuote\/laivavalaisin-pyorea-e27-ip44-musta\/","title":{"rendered":"Laivavalaisin py\u00f6re\u00e4 E27 IP44 musta"},"content":{"rendered":"<p>Sis\u00e4- ja ulkok\u00e4ytt\u00f6\u00f6n soveltuva pinta-asenteinen valaisin.<\/p>\n<p>V\u00e4ri: musta<br \/>\nMitat: \u00d8 185 x 100 mm<br \/>\nLampunkanta: E27 (valonl\u00e4hde ei sis\u00e4lly)<br \/>\nMateriaali: muovi + lasi<br \/>\nSuojausluokka: II<br \/>\nKotelointiluokka: IP44<\/p>\n","protected":false},"excerpt":{"rendered":"<p>Sis\u00e4- ja ulkok\u00e4ytt\u00f6\u00f6n soveltuva pinta-asenteinen valaisin. V\u00e4ri: musta Mitat: \u00d8 185 x 100 mm Lampunkanta: E27 (valonl\u00e4hde ei sis\u00e4lly) Materiaali: muovi + lasi Suojausluokka: II Kotelointiluokka: IP44<\/p>\n","protected":false},"featured_media":18236,"comment_status":"closed","ping_status":"closed","template":"","meta":[],"product_brand":[],"product_cat":[40,174,35,36,34],"product_tag":[],"class_list":{"0":"post-18235","1":"product","2":"type-product","3":"status-publish","4":"has-post-thumbnail","6":"product_cat-kattovalaisimet","7":"product_cat-riippuvalaisimet-ulkovalaisimet","8":"product_cat-sisavalaisimet","9":"product_cat-ulkovalaisimet","10":"product_cat-valaisimet","12":"first","13":"instock","14":"taxable","15":"shipping-taxable","16":"purchasable","17":"product-type-simple"},"_links":{"self":[{"href":"https:\/\/www.ksttukku.fi\/kauppa\/wp-json\/wp\/v2\/product\/18235","targetHints":{"allow":["GET"]}}],"collection":[{"href":"https:\/\/www.ksttukku.fi\/kauppa\/wp-json\/wp\/v2\/product"}],"about":[{"href":"https:\/\/www.ksttukku.fi\/kauppa\/wp-json\/wp\/v2\/types\/product"}],"replies":[{"embeddable":true,"href":"https:\/\/www.ksttukku.fi\/kauppa\/wp-json\/wp\/v2\/comments?post=18235"}],"wp:featuredmedia":[{"embeddable":true,"href":"https:\/\/www.ksttukku.fi\/kauppa\/wp-json\/wp\/v2\/media\/18236"}],"wp:attachment":[{"href":"https:\/\/www.ksttukku.fi\/kauppa\/wp-json\/wp\/v2\/media?parent=18235"}],"wp:term":[{"taxonomy":"product_brand","embeddable":true,"href":"https:\/\/www.ksttukku.fi\/kauppa\/wp-json\/wp\/v2\/product_brand?post=18235"},{"taxonomy":"product_cat","embeddable":true,"href":"https:\/\/www.ksttukku.fi\/kauppa\/wp-json\/wp\/v2\/product_cat?post=18235"},{"taxonomy":"product_tag","embeddable":true,"href":"https:\/\/www.ksttukku.fi\/kauppa\/wp-json\/wp\/v2\/product_tag?post=18235"}],"curies":[{"name":"wp","href":"https:\/\/api.w.org\/{rel}","templated":true}]}}