{"id":18249,"date":"2025-09-06T14:26:05","date_gmt":"2025-09-06T11:26:05","guid":{"rendered":"https:\/\/www.ksttukku.fi\/kauppa\/?post_type=product&#038;p=18249"},"modified":"2025-09-06T14:26:05","modified_gmt":"2025-09-06T11:26:05","slug":"pisteettoman-cob-led-nauhan-liitin-20-cm-johdolla","status":"publish","type":"product","link":"https:\/\/www.ksttukku.fi\/kauppa\/tuote\/pisteettoman-cob-led-nauhan-liitin-20-cm-johdolla\/","title":{"rendered":"Pisteett\u00f6m\u00e4n  COB LED-nauhan liitin 20 cm johdolla"},"content":{"rendered":"<p>Pienikokoinen pikaliitin, jolla voi yhdist\u00e4\u00e4&nbsp; 8mm leveit\u00e4 pisteett\u00f6mi\u00e4 COB LED-nauhoja.<\/p>\n<p>Liitin mahtuu valoprofiilin sis\u00e4\u00e4n.<\/p>\n","protected":false},"excerpt":{"rendered":"<p>Pienikokoinen pikaliitin, jolla voi yhdist\u00e4\u00e4&nbsp; 8mm leveit\u00e4 pisteett\u00f6mi\u00e4 COB LED-nauhoja. Liitin mahtuu valoprofiilin sis\u00e4\u00e4n.<\/p>\n","protected":false},"featured_media":18250,"comment_status":"closed","ping_status":"closed","template":"","meta":[],"product_brand":[],"product_cat":[35,34,45],"product_tag":[],"class_list":{"0":"post-18249","1":"product","2":"type-product","3":"status-publish","4":"has-post-thumbnail","6":"product_cat-sisavalaisimet","7":"product_cat-valaisimet","8":"product_cat-valonauhat","10":"first","11":"instock","12":"taxable","13":"shipping-taxable","14":"purchasable","15":"product-type-simple"},"_links":{"self":[{"href":"https:\/\/www.ksttukku.fi\/kauppa\/wp-json\/wp\/v2\/product\/18249","targetHints":{"allow":["GET"]}}],"collection":[{"href":"https:\/\/www.ksttukku.fi\/kauppa\/wp-json\/wp\/v2\/product"}],"about":[{"href":"https:\/\/www.ksttukku.fi\/kauppa\/wp-json\/wp\/v2\/types\/product"}],"replies":[{"embeddable":true,"href":"https:\/\/www.ksttukku.fi\/kauppa\/wp-json\/wp\/v2\/comments?post=18249"}],"wp:featuredmedia":[{"embeddable":true,"href":"https:\/\/www.ksttukku.fi\/kauppa\/wp-json\/wp\/v2\/media\/18250"}],"wp:attachment":[{"href":"https:\/\/www.ksttukku.fi\/kauppa\/wp-json\/wp\/v2\/media?parent=18249"}],"wp:term":[{"taxonomy":"product_brand","embeddable":true,"href":"https:\/\/www.ksttukku.fi\/kauppa\/wp-json\/wp\/v2\/product_brand?post=18249"},{"taxonomy":"product_cat","embeddable":true,"href":"https:\/\/www.ksttukku.fi\/kauppa\/wp-json\/wp\/v2\/product_cat?post=18249"},{"taxonomy":"product_tag","embeddable":true,"href":"https:\/\/www.ksttukku.fi\/kauppa\/wp-json\/wp\/v2\/product_tag?post=18249"}],"curies":[{"name":"wp","href":"https:\/\/api.w.org\/{rel}","templated":true}]}}