{"id":18257,"date":"2025-09-08T14:13:37","date_gmt":"2025-09-08T11:13:37","guid":{"rendered":"https:\/\/www.ksttukku.fi\/kauppa\/?post_type=product&#038;p=18257"},"modified":"2025-09-08T14:13:37","modified_gmt":"2025-09-08T11:13:37","slug":"valonheitin-promo-200-w-20000-lm-4000k-ip44","status":"publish","type":"product","link":"https:\/\/www.ksttukku.fi\/kauppa\/tuote\/valonheitin-promo-200-w-20000-lm-4000k-ip44\/","title":{"rendered":"Valonheitin Promo 200 W 20000 lm 4000K IP44"},"content":{"rendered":"<p>Kirkasta ja tehokasta valoa pihalle, terassille, ulkot\u00f6ihin<\/p>\n<p>HARJU PROMO led-perusvalonheitin.&nbsp;<\/p>\n<p>Valoteho 20000 lm.<\/p>\n<p>Musta alumiinirunko, kirkas lasi ja 50 cm pistotulppajohto.<\/p>\n<p>K\u00e4ytt\u00f6ik\u00e4 noin 25 000 tuntia. J\u00e4nnite 220 &#8211; 240 V 50 Hz.<\/p>\n<p>V\u00e4ril\u00e4mp\u00f6tila 4000 K.<\/p>\n<p>Valaisukulma 120 astetta. V\u00e4rintoistoindeksi &gt; 80 (= valaisin soveltuu ulko- ja sis\u00e4k\u00e4ytt\u00f6\u00f6n). PF&gt;0.9.&nbsp;<\/p>\n<p>Kotelointiluokka IP44.&nbsp;<\/p>\n","protected":false},"excerpt":{"rendered":"<p>Kirkasta ja tehokasta valoa pihalle, terassille, ulkot\u00f6ihin HARJU PROMO led-perusvalonheitin.&nbsp; Valoteho 20000 lm. Musta alumiinirunko, kirkas lasi ja 50 cm pistotulppajohto. K\u00e4ytt\u00f6ik\u00e4 noin 25 000 tuntia. J\u00e4nnite 220 &#8211; 240 V 50 Hz. V\u00e4ril\u00e4mp\u00f6tila 4000 K. Valaisukulma 120 astetta. V\u00e4rintoistoindeksi &gt; 80 (= valaisin soveltuu ulko- ja sis\u00e4k\u00e4ytt\u00f6\u00f6n). PF&gt;0.9.&nbsp; Kotelointiluokka IP44.&nbsp;<\/p>\n","protected":false},"featured_media":18258,"comment_status":"closed","ping_status":"closed","template":"","meta":[],"product_brand":[],"product_cat":[184,36,34,39],"product_tag":[],"class_list":{"0":"post-18257","1":"product","2":"type-product","3":"status-publish","4":"has-post-thumbnail","6":"product_cat-suurteho-valonheittimet","7":"product_cat-ulkovalaisimet","8":"product_cat-valaisimet","9":"product_cat-valonheittimet","11":"first","12":"instock","13":"taxable","14":"shipping-taxable","15":"purchasable","16":"product-type-simple"},"_links":{"self":[{"href":"https:\/\/www.ksttukku.fi\/kauppa\/wp-json\/wp\/v2\/product\/18257","targetHints":{"allow":["GET"]}}],"collection":[{"href":"https:\/\/www.ksttukku.fi\/kauppa\/wp-json\/wp\/v2\/product"}],"about":[{"href":"https:\/\/www.ksttukku.fi\/kauppa\/wp-json\/wp\/v2\/types\/product"}],"replies":[{"embeddable":true,"href":"https:\/\/www.ksttukku.fi\/kauppa\/wp-json\/wp\/v2\/comments?post=18257"}],"wp:featuredmedia":[{"embeddable":true,"href":"https:\/\/www.ksttukku.fi\/kauppa\/wp-json\/wp\/v2\/media\/18258"}],"wp:attachment":[{"href":"https:\/\/www.ksttukku.fi\/kauppa\/wp-json\/wp\/v2\/media?parent=18257"}],"wp:term":[{"taxonomy":"product_brand","embeddable":true,"href":"https:\/\/www.ksttukku.fi\/kauppa\/wp-json\/wp\/v2\/product_brand?post=18257"},{"taxonomy":"product_cat","embeddable":true,"href":"https:\/\/www.ksttukku.fi\/kauppa\/wp-json\/wp\/v2\/product_cat?post=18257"},{"taxonomy":"product_tag","embeddable":true,"href":"https:\/\/www.ksttukku.fi\/kauppa\/wp-json\/wp\/v2\/product_tag?post=18257"}],"curies":[{"name":"wp","href":"https:\/\/api.w.org\/{rel}","templated":true}]}}