{"id":18259,"date":"2025-09-08T14:43:59","date_gmt":"2025-09-08T11:43:59","guid":{"rendered":"https:\/\/www.ksttukku.fi\/kauppa\/?post_type=product&#038;p=18259"},"modified":"2025-09-08T14:43:59","modified_gmt":"2025-09-08T11:43:59","slug":"ladattava-ulkolyhty-riippu-2w-250-lm-tummanruskea","status":"publish","type":"product","link":"https:\/\/www.ksttukku.fi\/kauppa\/tuote\/ladattava-ulkolyhty-riippu-2w-250-lm-tummanruskea\/","title":{"rendered":"Ladattava ulkolyhty Riippu 2W 250 lm tummanruskea"},"content":{"rendered":"<p>USB-Ladattava riippuvalaisin ANTIIKKILYHTY<\/p>\n<p>Teho: 2W<br \/>\nValoteho: 250 lm<br \/>\nAkku: 1 x 3,7V Li-ion 1800 mAh<br \/>\nK\u00e4ytt\u00f6aika: 8 h<br \/>\nLatausaika: 2 h<br \/>\nV\u00e4ril\u00e4mp\u00f6tila: 3000K<br \/>\nKotelointiluokka: IP44<br \/>\nLataus Type C 5V\/1A<br \/>\nRunko: metallia, kupu:muovia<\/p>\n<p>V\u00e4ri: ruskea<\/p>\n<p>Korkeus:&nbsp; 240mm<\/p>\n<p>Halkaisija: 125 mm<\/p>\n<p>Johdon pituus: 110 cm<\/p>\n","protected":false},"excerpt":{"rendered":"<p>USB-Ladattava riippuvalaisin ANTIIKKILYHTY Teho: 2W Valoteho: 250 lm Akku: 1 x 3,7V Li-ion 1800 mAh K\u00e4ytt\u00f6aika: 8 h Latausaika: 2 h V\u00e4ril\u00e4mp\u00f6tila: 3000K Kotelointiluokka: IP44 Lataus Type C 5V\/1A Runko: metallia, kupu:muovia V\u00e4ri: ruskea Korkeus:&nbsp; 240mm Halkaisija: 125 mm Johdon pituus: 110 cm<\/p>\n","protected":false},"featured_media":18260,"comment_status":"closed","ping_status":"closed","template":"","meta":[],"product_brand":[],"product_cat":[491,484,362,377,59,36,34],"product_tag":[],"class_list":{"0":"post-18259","1":"product","2":"type-product","3":"status-publish","4":"has-post-thumbnail","6":"product_cat-kodin-sisustustuotteet","7":"product_cat-lyhdyt","8":"product_cat-puutarhavalaisimet","9":"product_cat-sisustus-lahjatavarat","10":"product_cat-terassivalaisimet","11":"product_cat-ulkovalaisimet","12":"product_cat-valaisimet","14":"first","15":"instock","16":"taxable","17":"shipping-taxable","18":"purchasable","19":"product-type-simple"},"_links":{"self":[{"href":"https:\/\/www.ksttukku.fi\/kauppa\/wp-json\/wp\/v2\/product\/18259","targetHints":{"allow":["GET"]}}],"collection":[{"href":"https:\/\/www.ksttukku.fi\/kauppa\/wp-json\/wp\/v2\/product"}],"about":[{"href":"https:\/\/www.ksttukku.fi\/kauppa\/wp-json\/wp\/v2\/types\/product"}],"replies":[{"embeddable":true,"href":"https:\/\/www.ksttukku.fi\/kauppa\/wp-json\/wp\/v2\/comments?post=18259"}],"wp:featuredmedia":[{"embeddable":true,"href":"https:\/\/www.ksttukku.fi\/kauppa\/wp-json\/wp\/v2\/media\/18260"}],"wp:attachment":[{"href":"https:\/\/www.ksttukku.fi\/kauppa\/wp-json\/wp\/v2\/media?parent=18259"}],"wp:term":[{"taxonomy":"product_brand","embeddable":true,"href":"https:\/\/www.ksttukku.fi\/kauppa\/wp-json\/wp\/v2\/product_brand?post=18259"},{"taxonomy":"product_cat","embeddable":true,"href":"https:\/\/www.ksttukku.fi\/kauppa\/wp-json\/wp\/v2\/product_cat?post=18259"},{"taxonomy":"product_tag","embeddable":true,"href":"https:\/\/www.ksttukku.fi\/kauppa\/wp-json\/wp\/v2\/product_tag?post=18259"}],"curies":[{"name":"wp","href":"https:\/\/api.w.org\/{rel}","templated":true}]}}