{"id":18261,"date":"2025-09-08T15:48:04","date_gmt":"2025-09-08T12:48:04","guid":{"rendered":"https:\/\/www.ksttukku.fi\/kauppa\/?post_type=product&#038;p=18261"},"modified":"2025-09-08T15:48:04","modified_gmt":"2025-09-08T12:48:04","slug":"rahola-pylvasvalaisin-antrasiitti-100-cm","status":"publish","type":"product","link":"https:\/\/www.ksttukku.fi\/kauppa\/tuote\/rahola-pylvasvalaisin-antrasiitti-100-cm\/","title":{"rendered":"Rahola pylv\u00e4svalaisin antrasiitti 100 cm"},"content":{"rendered":"<p>Luo Tunnelmaa ja turvallisuutta pihapiiriisi.<\/p>\n<p>&nbsp;RAHOLA pylv\u00e4svalaisin on ajaton malli joka sopii moderniin kuin perinteisemp\u00e4\u00e4kin pihapiiriin.<\/p>\n<p>Maalattu RST-runko<\/p>\n<p>Lasikupu<\/p>\n<p>Kanta: E27<\/p>\n<p>Korkeus: 100 cm<\/p>\n<p>Samaan sarjaan l\u00f6ytyy my\u00f6s sein\u00e4valaisinta<\/p>\n","protected":false},"excerpt":{"rendered":"<p>Luo Tunnelmaa ja turvallisuutta pihapiiriisi. &nbsp;RAHOLA pylv\u00e4svalaisin on ajaton malli joka sopii moderniin kuin perinteisemp\u00e4\u00e4kin pihapiiriin. Maalattu RST-runko Lasikupu Kanta: E27 Korkeus: 100 cm Samaan sarjaan l\u00f6ytyy my\u00f6s sein\u00e4valaisinta<\/p>\n","protected":false},"featured_media":18262,"comment_status":"closed","ping_status":"closed","template":"","meta":[],"product_brand":[],"product_cat":[38,36,34],"product_tag":[],"class_list":{"0":"post-18261","1":"product","2":"type-product","3":"status-publish","4":"has-post-thumbnail","6":"product_cat-pylvasvalaisimet","7":"product_cat-ulkovalaisimet","8":"product_cat-valaisimet","10":"first","11":"instock","12":"taxable","13":"shipping-taxable","14":"purchasable","15":"product-type-simple"},"_links":{"self":[{"href":"https:\/\/www.ksttukku.fi\/kauppa\/wp-json\/wp\/v2\/product\/18261","targetHints":{"allow":["GET"]}}],"collection":[{"href":"https:\/\/www.ksttukku.fi\/kauppa\/wp-json\/wp\/v2\/product"}],"about":[{"href":"https:\/\/www.ksttukku.fi\/kauppa\/wp-json\/wp\/v2\/types\/product"}],"replies":[{"embeddable":true,"href":"https:\/\/www.ksttukku.fi\/kauppa\/wp-json\/wp\/v2\/comments?post=18261"}],"wp:featuredmedia":[{"embeddable":true,"href":"https:\/\/www.ksttukku.fi\/kauppa\/wp-json\/wp\/v2\/media\/18262"}],"wp:attachment":[{"href":"https:\/\/www.ksttukku.fi\/kauppa\/wp-json\/wp\/v2\/media?parent=18261"}],"wp:term":[{"taxonomy":"product_brand","embeddable":true,"href":"https:\/\/www.ksttukku.fi\/kauppa\/wp-json\/wp\/v2\/product_brand?post=18261"},{"taxonomy":"product_cat","embeddable":true,"href":"https:\/\/www.ksttukku.fi\/kauppa\/wp-json\/wp\/v2\/product_cat?post=18261"},{"taxonomy":"product_tag","embeddable":true,"href":"https:\/\/www.ksttukku.fi\/kauppa\/wp-json\/wp\/v2\/product_tag?post=18261"}],"curies":[{"name":"wp","href":"https:\/\/api.w.org\/{rel}","templated":true}]}}