{"id":18267,"date":"2025-09-08T16:30:06","date_gmt":"2025-09-08T13:30:06","guid":{"rendered":"https:\/\/www.ksttukku.fi\/kauppa\/?post_type=product&#038;p=18267"},"modified":"2025-09-08T16:30:06","modified_gmt":"2025-09-08T13:30:06","slug":"seinavalaisin-rahola-e27-ip44-antrasiitti-ip-44-2","status":"publish","type":"product","link":"https:\/\/www.ksttukku.fi\/kauppa\/tuote\/seinavalaisin-rahola-e27-ip44-antrasiitti-ip-44-2\/","title":{"rendered":"Sein\u00e4valaisin RAHOLA E27 IP44 antrasiitti   IP 44"},"content":{"rendered":"<p>Ajattoman tyylik\u00e4s RAHOLA sein\u00e4valaisin joka soveltuu mainiosti erilaisten<\/p>\n<p>julkisivujen yhteyteen.<\/p>\n<p>Valaisin on valmistettu s\u00e4\u00e4nkest\u00e4v\u00e4st\u00e4 materiaalista, joka takaa pitk\u00e4n k\u00e4ytt\u00f6i\u00e4n.<\/p>\n<p>Materiaali: maalattu RST<\/p>\n<p>Kanta: E27<\/p>\n<p>IP 44<\/p>\n<p>Valaisimen korkeus: 246 mm<\/p>\n","protected":false},"excerpt":{"rendered":"<p>Ajattoman tyylik\u00e4s RAHOLA sein\u00e4valaisin joka soveltuu mainiosti erilaisten julkisivujen yhteyteen. Valaisin on valmistettu s\u00e4\u00e4nkest\u00e4v\u00e4st\u00e4 materiaalista, joka takaa pitk\u00e4n k\u00e4ytt\u00f6i\u00e4n. Materiaali: maalattu RST Kanta: E27 IP 44 Valaisimen korkeus: 246 mm<\/p>\n","protected":false},"featured_media":18268,"comment_status":"closed","ping_status":"closed","template":"","meta":[],"product_brand":[],"product_cat":[37,36,34],"product_tag":[],"class_list":{"0":"post-18267","1":"product","2":"type-product","3":"status-publish","4":"has-post-thumbnail","6":"product_cat-seinavalaisimet","7":"product_cat-ulkovalaisimet","8":"product_cat-valaisimet","10":"first","11":"instock","12":"taxable","13":"shipping-taxable","14":"purchasable","15":"product-type-simple"},"_links":{"self":[{"href":"https:\/\/www.ksttukku.fi\/kauppa\/wp-json\/wp\/v2\/product\/18267","targetHints":{"allow":["GET"]}}],"collection":[{"href":"https:\/\/www.ksttukku.fi\/kauppa\/wp-json\/wp\/v2\/product"}],"about":[{"href":"https:\/\/www.ksttukku.fi\/kauppa\/wp-json\/wp\/v2\/types\/product"}],"replies":[{"embeddable":true,"href":"https:\/\/www.ksttukku.fi\/kauppa\/wp-json\/wp\/v2\/comments?post=18267"}],"wp:featuredmedia":[{"embeddable":true,"href":"https:\/\/www.ksttukku.fi\/kauppa\/wp-json\/wp\/v2\/media\/18268"}],"wp:attachment":[{"href":"https:\/\/www.ksttukku.fi\/kauppa\/wp-json\/wp\/v2\/media?parent=18267"}],"wp:term":[{"taxonomy":"product_brand","embeddable":true,"href":"https:\/\/www.ksttukku.fi\/kauppa\/wp-json\/wp\/v2\/product_brand?post=18267"},{"taxonomy":"product_cat","embeddable":true,"href":"https:\/\/www.ksttukku.fi\/kauppa\/wp-json\/wp\/v2\/product_cat?post=18267"},{"taxonomy":"product_tag","embeddable":true,"href":"https:\/\/www.ksttukku.fi\/kauppa\/wp-json\/wp\/v2\/product_tag?post=18267"}],"curies":[{"name":"wp","href":"https:\/\/api.w.org\/{rel}","templated":true}]}}