{"id":18278,"date":"2025-09-08T17:42:52","date_gmt":"2025-09-08T14:42:52","guid":{"rendered":"https:\/\/www.ksttukku.fi\/kauppa\/?post_type=product&#038;p=18278"},"modified":"2025-09-08T17:42:52","modified_gmt":"2025-09-08T14:42:52","slug":"trio-led-spock-uplight-lattiavalaisin-harjattuteras","status":"publish","type":"product","link":"https:\/\/www.ksttukku.fi\/kauppa\/tuote\/trio-led-spock-uplight-lattiavalaisin-harjattuteras\/","title":{"rendered":"Trio Led- Spock Uplight lattiavalaisin   harjattuter\u00e4s"},"content":{"rendered":"<p>Trio Spock lattiavalaisinmen metallinen runko, k\u00e4\u00e4ntyv\u00e4 varsi ja selke\u00e4linjainen muotoilu tekev\u00e4t lattiavalaisimesta ihanteellisen valaisimen moneen tilaan.<\/p>\n<p>Valaisimessa on omat himmenninkytkimet yl\u00e4- sek\u00e4 lukuvaloon.<\/p>\n<p>Himmennystoiminta mahdollistaa juuri sopivan valon tilanteen mukaan.<\/p>\n<p>Yl\u00e4valo: 19W 2200lm<\/p>\n<p>Lukuvalo: 5 W 500lm<\/p>\n<p>Valonv\u00e4ri: 3000K<\/p>\n<p>Korkeus: 180 cm<\/p>\n","protected":false},"excerpt":{"rendered":"<p>Trio Spock lattiavalaisinmen metallinen runko, k\u00e4\u00e4ntyv\u00e4 varsi ja selke\u00e4linjainen muotoilu tekev\u00e4t lattiavalaisimesta ihanteellisen valaisimen moneen tilaan. Valaisimessa on omat himmenninkytkimet yl\u00e4- sek\u00e4 lukuvaloon. Himmennystoiminta mahdollistaa juuri sopivan valon tilanteen mukaan. Yl\u00e4valo: 19W 2200lm Lukuvalo: 5 W 500lm Valonv\u00e4ri: 3000K Korkeus: 180 cm<\/p>\n","protected":false},"featured_media":18280,"comment_status":"closed","ping_status":"closed","template":"","meta":[],"product_brand":[],"product_cat":[43,35,34],"product_tag":[],"class_list":{"0":"post-18278","1":"product","2":"type-product","3":"status-publish","4":"has-post-thumbnail","6":"product_cat-lattiavalaisimet","7":"product_cat-sisavalaisimet","8":"product_cat-valaisimet","10":"first","11":"instock","12":"taxable","13":"shipping-taxable","14":"purchasable","15":"product-type-simple"},"_links":{"self":[{"href":"https:\/\/www.ksttukku.fi\/kauppa\/wp-json\/wp\/v2\/product\/18278","targetHints":{"allow":["GET"]}}],"collection":[{"href":"https:\/\/www.ksttukku.fi\/kauppa\/wp-json\/wp\/v2\/product"}],"about":[{"href":"https:\/\/www.ksttukku.fi\/kauppa\/wp-json\/wp\/v2\/types\/product"}],"replies":[{"embeddable":true,"href":"https:\/\/www.ksttukku.fi\/kauppa\/wp-json\/wp\/v2\/comments?post=18278"}],"wp:featuredmedia":[{"embeddable":true,"href":"https:\/\/www.ksttukku.fi\/kauppa\/wp-json\/wp\/v2\/media\/18280"}],"wp:attachment":[{"href":"https:\/\/www.ksttukku.fi\/kauppa\/wp-json\/wp\/v2\/media?parent=18278"}],"wp:term":[{"taxonomy":"product_brand","embeddable":true,"href":"https:\/\/www.ksttukku.fi\/kauppa\/wp-json\/wp\/v2\/product_brand?post=18278"},{"taxonomy":"product_cat","embeddable":true,"href":"https:\/\/www.ksttukku.fi\/kauppa\/wp-json\/wp\/v2\/product_cat?post=18278"},{"taxonomy":"product_tag","embeddable":true,"href":"https:\/\/www.ksttukku.fi\/kauppa\/wp-json\/wp\/v2\/product_tag?post=18278"}],"curies":[{"name":"wp","href":"https:\/\/api.w.org\/{rel}","templated":true}]}}