{"id":18284,"date":"2025-09-09T13:44:19","date_gmt":"2025-09-09T10:44:19","guid":{"rendered":"https:\/\/www.ksttukku.fi\/kauppa\/?post_type=product&#038;p=18284"},"modified":"2025-09-09T13:44:19","modified_gmt":"2025-09-09T10:44:19","slug":"riippuvalaisin-focus-vilda-led-50cm-musta-cct","status":"publish","type":"product","link":"https:\/\/www.ksttukku.fi\/kauppa\/tuote\/riippuvalaisin-focus-vilda-led-50cm-musta-cct\/","title":{"rendered":"Riippuvalaisin Focus Vilda LED 50cm musta CCT"},"content":{"rendered":"<p>Vilda Led-riippuvalaisin on elegantti sek\u00e4 moderni muotoilultaan.<\/p>\n<p>Se antaa tasaisen sek\u00e4 h\u00e4ik\u00e4isem\u00e4tt\u00f6m\u00e4n valon tilaan<\/p>\n<p>Valaisimen korkeus s\u00e4\u00e4dett\u00e4viss\u00e4 helposti vaijerien avulla<\/p>\n<p>Mukana tulevalla kaukos\u00e4\u00e4timell\u00e4 saat valotehon sek\u00e4 v\u00e4ril\u00e4mp\u00f6tilan&nbsp; juuri sinulle sopivaksi<\/p>\n<p>Valoteho: 1850 lm<\/p>\n<p>Valonv\u00e4ri: 3000 &#8211; 6000K<\/p>\n<p>Himmennett\u00e4v\u00e4<\/p>\n<p>Korkeus: 160 cm<\/p>\n<p>Halkaisija: 50 cm<\/p>\n<p>Koukkukiinnitys sek\u00e4 pistotulppa<\/p>\n","protected":false},"excerpt":{"rendered":"<p>Vilda Led-riippuvalaisin on elegantti sek\u00e4 moderni muotoilultaan. Se antaa tasaisen sek\u00e4 h\u00e4ik\u00e4isem\u00e4tt\u00f6m\u00e4n valon tilaan Valaisimen korkeus s\u00e4\u00e4dett\u00e4viss\u00e4 helposti vaijerien avulla Mukana tulevalla kaukos\u00e4\u00e4timell\u00e4 saat valotehon sek\u00e4 v\u00e4ril\u00e4mp\u00f6tilan&nbsp; juuri sinulle sopivaksi Valoteho: 1850 lm Valonv\u00e4ri: 3000 &#8211; 6000K Himmennett\u00e4v\u00e4 Korkeus: 160 cm Halkaisija: 50 cm Koukkukiinnitys sek\u00e4 pistotulppa<\/p>\n","protected":false},"featured_media":18285,"comment_status":"closed","ping_status":"closed","template":"","meta":[],"product_brand":[],"product_cat":[49,35,34],"product_tag":[],"class_list":{"0":"post-18284","1":"product","2":"type-product","3":"status-publish","4":"has-post-thumbnail","6":"product_cat-riippuvalaisimet","7":"product_cat-sisavalaisimet","8":"product_cat-valaisimet","10":"first","11":"instock","12":"taxable","13":"shipping-taxable","14":"purchasable","15":"product-type-simple"},"_links":{"self":[{"href":"https:\/\/www.ksttukku.fi\/kauppa\/wp-json\/wp\/v2\/product\/18284","targetHints":{"allow":["GET"]}}],"collection":[{"href":"https:\/\/www.ksttukku.fi\/kauppa\/wp-json\/wp\/v2\/product"}],"about":[{"href":"https:\/\/www.ksttukku.fi\/kauppa\/wp-json\/wp\/v2\/types\/product"}],"replies":[{"embeddable":true,"href":"https:\/\/www.ksttukku.fi\/kauppa\/wp-json\/wp\/v2\/comments?post=18284"}],"wp:featuredmedia":[{"embeddable":true,"href":"https:\/\/www.ksttukku.fi\/kauppa\/wp-json\/wp\/v2\/media\/18285"}],"wp:attachment":[{"href":"https:\/\/www.ksttukku.fi\/kauppa\/wp-json\/wp\/v2\/media?parent=18284"}],"wp:term":[{"taxonomy":"product_brand","embeddable":true,"href":"https:\/\/www.ksttukku.fi\/kauppa\/wp-json\/wp\/v2\/product_brand?post=18284"},{"taxonomy":"product_cat","embeddable":true,"href":"https:\/\/www.ksttukku.fi\/kauppa\/wp-json\/wp\/v2\/product_cat?post=18284"},{"taxonomy":"product_tag","embeddable":true,"href":"https:\/\/www.ksttukku.fi\/kauppa\/wp-json\/wp\/v2\/product_tag?post=18284"}],"curies":[{"name":"wp","href":"https:\/\/api.w.org\/{rel}","templated":true}]}}