{"id":18286,"date":"2025-09-09T14:30:28","date_gmt":"2025-09-09T11:30:28","guid":{"rendered":"https:\/\/www.ksttukku.fi\/kauppa\/?post_type=product&#038;p=18286"},"modified":"2026-03-20T16:42:27","modified_gmt":"2026-03-20T14:42:27","slug":"kattovalaisin-focuslight-gloss-led-40cm-24-w-kirkas-valkoinen","status":"publish","type":"product","link":"https:\/\/www.ksttukku.fi\/kauppa\/tuote\/kattovalaisin-focuslight-gloss-led-40cm-24-w-kirkas-valkoinen\/","title":{"rendered":"Kattovalaisin FocusLight Gloss Led 40cm  24 W   kirkas\/valkoinen"},"content":{"rendered":"<p>Valaisimen muotoilu on ajaton ja tyylik\u00e4s: siin\u00e4 on kaksi kerrosta \u2013 sisempi valkoinen kupu, joka levitt\u00e4\u00e4 valon pehme\u00e4sti ja tasaisesti, sek\u00e4 ulompi kirkas l\u00e4pin\u00e4kyv\u00e4 kupu, joka antaa valaisimelle kevyen ja ilmavan ilmeen. T\u00e4m\u00e4 rakenne luo kauniin valonheijastuksen ja tuo tilaan modernin ilmeen.<\/p>\n<p>V\u00e4ril\u00e4mp\u00f6tila: CCT: 3000K &#8211; 6500K.<\/p>\n<p>Valoteho: 3000 lm<\/p>\n<p>Mukana kaukos\u00e4\u00e4din, himmennystoiminto<\/p>\n<p>Halkaisija: 40 cm<\/p>\n<p>Asennus: koukkukiinnitys, mukana pistoke, joten asennus sujuu helposti<\/p>\n","protected":false},"excerpt":{"rendered":"<p>Valaisimen muotoilu on ajaton ja tyylik\u00e4s: siin\u00e4 on kaksi kerrosta \u2013 sisempi valkoinen kupu, joka levitt\u00e4\u00e4 valon pehme\u00e4sti ja tasaisesti, sek\u00e4 ulompi kirkas l\u00e4pin\u00e4kyv\u00e4 kupu, joka antaa valaisimelle kevyen ja ilmavan ilmeen. T\u00e4m\u00e4 rakenne luo kauniin valonheijastuksen ja tuo tilaan modernin ilmeen. V\u00e4ril\u00e4mp\u00f6tila: CCT: 3000K &#8211; 6500K. Valoteho: 3000 lm Mukana kaukos\u00e4\u00e4din, himmennystoiminto Halkaisija: 40 [&hellip;]<\/p>\n","protected":false},"featured_media":18288,"comment_status":"closed","ping_status":"closed","template":"","meta":[],"product_brand":[],"product_cat":[40,35,34],"product_tag":[],"class_list":{"0":"post-18286","1":"product","2":"type-product","3":"status-publish","4":"has-post-thumbnail","6":"product_cat-kattovalaisimet","7":"product_cat-sisavalaisimet","8":"product_cat-valaisimet","10":"first","11":"instock","12":"taxable","13":"shipping-taxable","14":"purchasable","15":"product-type-simple"},"_links":{"self":[{"href":"https:\/\/www.ksttukku.fi\/kauppa\/wp-json\/wp\/v2\/product\/18286","targetHints":{"allow":["GET"]}}],"collection":[{"href":"https:\/\/www.ksttukku.fi\/kauppa\/wp-json\/wp\/v2\/product"}],"about":[{"href":"https:\/\/www.ksttukku.fi\/kauppa\/wp-json\/wp\/v2\/types\/product"}],"replies":[{"embeddable":true,"href":"https:\/\/www.ksttukku.fi\/kauppa\/wp-json\/wp\/v2\/comments?post=18286"}],"wp:featuredmedia":[{"embeddable":true,"href":"https:\/\/www.ksttukku.fi\/kauppa\/wp-json\/wp\/v2\/media\/18288"}],"wp:attachment":[{"href":"https:\/\/www.ksttukku.fi\/kauppa\/wp-json\/wp\/v2\/media?parent=18286"}],"wp:term":[{"taxonomy":"product_brand","embeddable":true,"href":"https:\/\/www.ksttukku.fi\/kauppa\/wp-json\/wp\/v2\/product_brand?post=18286"},{"taxonomy":"product_cat","embeddable":true,"href":"https:\/\/www.ksttukku.fi\/kauppa\/wp-json\/wp\/v2\/product_cat?post=18286"},{"taxonomy":"product_tag","embeddable":true,"href":"https:\/\/www.ksttukku.fi\/kauppa\/wp-json\/wp\/v2\/product_tag?post=18286"}],"curies":[{"name":"wp","href":"https:\/\/api.w.org\/{rel}","templated":true}]}}