{"id":18305,"date":"2025-09-11T12:03:19","date_gmt":"2025-09-11T09:03:19","guid":{"rendered":"https:\/\/www.ksttukku.fi\/kauppa\/?post_type=product&#038;p=18305"},"modified":"2025-09-11T12:03:20","modified_gmt":"2025-09-11T09:03:20","slug":"oslo-lattiavalaisin-musta","status":"publish","type":"product","link":"https:\/\/www.ksttukku.fi\/kauppa\/tuote\/oslo-lattiavalaisin-musta\/","title":{"rendered":"Oslo lattiavalaisin musta"},"content":{"rendered":"<p>Oslo lattiavalaisimessa on taivuteltava varsi, jota on helppo suunnata kohteeseen, oli kyse sitten tarkasta ty\u00f6skentelyst\u00e4 tai rennosta iltalukemisesta.<\/p>\n<p>Tukevan jalan ansiosta Oslo lattiavalaisin seisoo j\u00e4m\u00e4k\u00e4sti paikallaan.<\/p>\n<p>Valaisimen korkeus: 156 cm<\/p>\n<p>Kanta: E27<\/p>\n<p>Johdon pituus 320 cm, v\u00e4likytkin johdossa<\/p>\n<p>Materiaali: metalli \/ silikonivarsi\/ puu<\/p>\n","protected":false},"excerpt":{"rendered":"<p>Oslo lattiavalaisimessa on taivuteltava varsi, jota on helppo suunnata kohteeseen, oli kyse sitten tarkasta ty\u00f6skentelyst\u00e4 tai rennosta iltalukemisesta. Tukevan jalan ansiosta Oslo lattiavalaisin seisoo j\u00e4m\u00e4k\u00e4sti paikallaan. Valaisimen korkeus: 156 cm Kanta: E27 Johdon pituus 320 cm, v\u00e4likytkin johdossa Materiaali: metalli \/ silikonivarsi\/ puu<\/p>\n","protected":false},"featured_media":18306,"comment_status":"closed","ping_status":"closed","template":"","meta":[],"product_brand":[],"product_cat":[43,35,34],"product_tag":[],"class_list":{"0":"post-18305","1":"product","2":"type-product","3":"status-publish","4":"has-post-thumbnail","6":"product_cat-lattiavalaisimet","7":"product_cat-sisavalaisimet","8":"product_cat-valaisimet","10":"first","11":"instock","12":"taxable","13":"shipping-taxable","14":"purchasable","15":"product-type-simple"},"_links":{"self":[{"href":"https:\/\/www.ksttukku.fi\/kauppa\/wp-json\/wp\/v2\/product\/18305","targetHints":{"allow":["GET"]}}],"collection":[{"href":"https:\/\/www.ksttukku.fi\/kauppa\/wp-json\/wp\/v2\/product"}],"about":[{"href":"https:\/\/www.ksttukku.fi\/kauppa\/wp-json\/wp\/v2\/types\/product"}],"replies":[{"embeddable":true,"href":"https:\/\/www.ksttukku.fi\/kauppa\/wp-json\/wp\/v2\/comments?post=18305"}],"wp:featuredmedia":[{"embeddable":true,"href":"https:\/\/www.ksttukku.fi\/kauppa\/wp-json\/wp\/v2\/media\/18306"}],"wp:attachment":[{"href":"https:\/\/www.ksttukku.fi\/kauppa\/wp-json\/wp\/v2\/media?parent=18305"}],"wp:term":[{"taxonomy":"product_brand","embeddable":true,"href":"https:\/\/www.ksttukku.fi\/kauppa\/wp-json\/wp\/v2\/product_brand?post=18305"},{"taxonomy":"product_cat","embeddable":true,"href":"https:\/\/www.ksttukku.fi\/kauppa\/wp-json\/wp\/v2\/product_cat?post=18305"},{"taxonomy":"product_tag","embeddable":true,"href":"https:\/\/www.ksttukku.fi\/kauppa\/wp-json\/wp\/v2\/product_tag?post=18305"}],"curies":[{"name":"wp","href":"https:\/\/api.w.org\/{rel}","templated":true}]}}