{"id":18325,"date":"2025-09-12T14:27:20","date_gmt":"2025-09-12T11:27:20","guid":{"rendered":"https:\/\/www.ksttukku.fi\/kauppa\/?post_type=product&#038;p=18325"},"modified":"2025-09-12T14:31:40","modified_gmt":"2025-09-12T11:31:40","slug":"bianco-peilikaappi-50-cm-valolla-ja-tuplapistorasialla","status":"publish","type":"product","link":"https:\/\/www.ksttukku.fi\/kauppa\/tuote\/bianco-peilikaappi-50-cm-valolla-ja-tuplapistorasialla\/","title":{"rendered":"Bianco peilikaappi 50 cm valolla ja tuplapistorasialla"},"content":{"rendered":"<p>valkoinen<\/p>\n<p>Kest\u00e4v\u00e4 kalustelevy<\/p>\n<p>kaksi lasihylly\u00e4<\/p>\n<p>pehme\u00e4sti sulkeutuvat ovet<\/p>\n<p>Led-valaisin 30 cm, kromivarsi<\/p>\n<p>valon v\u00e4ril\u00e4mp\u00f6tila 4000K<\/p>\n<p>valoteho 350 lm<\/p>\n<p>Tuplapistorasia IP 44<\/p>\n<p>Syvyys 14,5 cm<\/p>\n<p>Korkeus: 70 cm<\/p>\n<p>Leveys: 50 cm<\/p>\n","protected":false},"excerpt":{"rendered":"<p>valkoinen Kest\u00e4v\u00e4 kalustelevy kaksi lasihylly\u00e4 pehme\u00e4sti sulkeutuvat ovet Led-valaisin 30 cm, kromivarsi valon v\u00e4ril\u00e4mp\u00f6tila 4000K valoteho 350 lm Tuplapistorasia IP 44 Syvyys 14,5 cm Korkeus: 70 cm Leveys: 50 cm<\/p>\n","protected":false},"featured_media":18326,"comment_status":"closed","ping_status":"closed","template":"","meta":[],"product_brand":[],"product_cat":[150,152],"product_tag":[],"class_list":{"0":"post-18325","1":"product","2":"type-product","3":"status-publish","4":"has-post-thumbnail","6":"product_cat-kylpyhuone","7":"product_cat-peilikaapit","9":"first","10":"instock","11":"taxable","12":"shipping-taxable","13":"purchasable","14":"product-type-simple"},"_links":{"self":[{"href":"https:\/\/www.ksttukku.fi\/kauppa\/wp-json\/wp\/v2\/product\/18325","targetHints":{"allow":["GET"]}}],"collection":[{"href":"https:\/\/www.ksttukku.fi\/kauppa\/wp-json\/wp\/v2\/product"}],"about":[{"href":"https:\/\/www.ksttukku.fi\/kauppa\/wp-json\/wp\/v2\/types\/product"}],"replies":[{"embeddable":true,"href":"https:\/\/www.ksttukku.fi\/kauppa\/wp-json\/wp\/v2\/comments?post=18325"}],"wp:featuredmedia":[{"embeddable":true,"href":"https:\/\/www.ksttukku.fi\/kauppa\/wp-json\/wp\/v2\/media\/18326"}],"wp:attachment":[{"href":"https:\/\/www.ksttukku.fi\/kauppa\/wp-json\/wp\/v2\/media?parent=18325"}],"wp:term":[{"taxonomy":"product_brand","embeddable":true,"href":"https:\/\/www.ksttukku.fi\/kauppa\/wp-json\/wp\/v2\/product_brand?post=18325"},{"taxonomy":"product_cat","embeddable":true,"href":"https:\/\/www.ksttukku.fi\/kauppa\/wp-json\/wp\/v2\/product_cat?post=18325"},{"taxonomy":"product_tag","embeddable":true,"href":"https:\/\/www.ksttukku.fi\/kauppa\/wp-json\/wp\/v2\/product_tag?post=18325"}],"curies":[{"name":"wp","href":"https:\/\/api.w.org\/{rel}","templated":true}]}}