{"id":18343,"date":"2025-09-16T11:48:49","date_gmt":"2025-09-16T08:48:49","guid":{"rendered":"https:\/\/www.ksttukku.fi\/kauppa\/?post_type=product&#038;p=18343"},"modified":"2025-09-16T12:04:46","modified_gmt":"2025-09-16T09:04:46","slug":"trendo-lattiavalaisin-valkoinen","status":"publish","type":"product","link":"https:\/\/www.ksttukku.fi\/kauppa\/tuote\/trendo-lattiavalaisin-valkoinen\/","title":{"rendered":"Trendo-lattiavalaisin valkoinen"},"content":{"rendered":"<p>Trendo-lattiavalaisin on ihanteellinen valinta monenlaiseen k\u00e4ytt\u00f6\u00f6n kotona tai toimistossa. Sen suunnittelussa yhdistyv\u00e4t kauneus ja k\u00e4yt\u00e4nn\u00f6llisyys, mik\u00e4 tekee siit\u00e4 t\u00e4ydellisen valaisimen olohuoneeseen, makuuhuoneeseen tai ty\u00f6huoneeseen. Valaisin ei ainoastaan valaise tilaa tehokkaasti, vaan toimii my\u00f6s tyylikk\u00e4\u00e4n\u00e4 sisustuselementtin\u00e4 miss\u00e4 tahansa huoneessa.<\/p>\n<p>Metallivarjostimen halkaisija: 35 cm<br \/>\nValaisimen korkeus: 149 cm<br \/>\nPolttimo: 2 x E27, max 40 W (polttimot eiv\u00e4t sis\u00e4lly)<br \/>\nMateriaalit: Metalli \/ messinki<br \/>\nVirtakytkin: Johdossa<\/p>\n","protected":false},"excerpt":{"rendered":"<p>Trendo-lattiavalaisin on ihanteellinen valinta monenlaiseen k\u00e4ytt\u00f6\u00f6n kotona tai toimistossa. Sen suunnittelussa yhdistyv\u00e4t kauneus ja k\u00e4yt\u00e4nn\u00f6llisyys, mik\u00e4 tekee siit\u00e4 t\u00e4ydellisen valaisimen olohuoneeseen, makuuhuoneeseen tai ty\u00f6huoneeseen. Valaisin ei ainoastaan valaise tilaa tehokkaasti, vaan toimii my\u00f6s tyylikk\u00e4\u00e4n\u00e4 sisustuselementtin\u00e4 miss\u00e4 tahansa huoneessa. Metallivarjostimen halkaisija: 35 cm Valaisimen korkeus: 149 cm Polttimo: 2 x E27, max 40 W (polttimot eiv\u00e4t [&hellip;]<\/p>\n","protected":false},"featured_media":18345,"comment_status":"closed","ping_status":"closed","template":"","meta":[],"product_brand":[],"product_cat":[43,35,34],"product_tag":[],"class_list":{"0":"post-18343","1":"product","2":"type-product","3":"status-publish","4":"has-post-thumbnail","6":"product_cat-lattiavalaisimet","7":"product_cat-sisavalaisimet","8":"product_cat-valaisimet","10":"first","11":"instock","12":"taxable","13":"shipping-taxable","14":"purchasable","15":"product-type-simple"},"_links":{"self":[{"href":"https:\/\/www.ksttukku.fi\/kauppa\/wp-json\/wp\/v2\/product\/18343","targetHints":{"allow":["GET"]}}],"collection":[{"href":"https:\/\/www.ksttukku.fi\/kauppa\/wp-json\/wp\/v2\/product"}],"about":[{"href":"https:\/\/www.ksttukku.fi\/kauppa\/wp-json\/wp\/v2\/types\/product"}],"replies":[{"embeddable":true,"href":"https:\/\/www.ksttukku.fi\/kauppa\/wp-json\/wp\/v2\/comments?post=18343"}],"wp:featuredmedia":[{"embeddable":true,"href":"https:\/\/www.ksttukku.fi\/kauppa\/wp-json\/wp\/v2\/media\/18345"}],"wp:attachment":[{"href":"https:\/\/www.ksttukku.fi\/kauppa\/wp-json\/wp\/v2\/media?parent=18343"}],"wp:term":[{"taxonomy":"product_brand","embeddable":true,"href":"https:\/\/www.ksttukku.fi\/kauppa\/wp-json\/wp\/v2\/product_brand?post=18343"},{"taxonomy":"product_cat","embeddable":true,"href":"https:\/\/www.ksttukku.fi\/kauppa\/wp-json\/wp\/v2\/product_cat?post=18343"},{"taxonomy":"product_tag","embeddable":true,"href":"https:\/\/www.ksttukku.fi\/kauppa\/wp-json\/wp\/v2\/product_tag?post=18343"}],"curies":[{"name":"wp","href":"https:\/\/api.w.org\/{rel}","templated":true}]}}