{"id":18360,"date":"2025-09-19T10:26:37","date_gmt":"2025-09-19T07:26:37","guid":{"rendered":"https:\/\/www.ksttukku.fi\/kauppa\/?post_type=product&#038;p=18360"},"modified":"2025-09-19T10:26:37","modified_gmt":"2025-09-19T07:26:37","slug":"elina-vaatenaulakko-valkoinen-40-cm","status":"publish","type":"product","link":"https:\/\/www.ksttukku.fi\/kauppa\/tuote\/elina-vaatenaulakko-valkoinen-40-cm\/","title":{"rendered":"Elina vaatenaulakko valkoinen 40 cm"},"content":{"rendered":"<p>Naulakko, jossa 4 ripustuskoukkua, on valkoiseksi maalattua MDF-levy\u00e4, koukut ruostumatonta ter\u00e4st\u00e4.<br \/>\n Naulakon mitat: leveys 40 cm ja korkeus 6 cm.<br \/>\n Naulakon taustapuolella on kiinnityskolot ruuveja varten.<\/p>\n","protected":false},"excerpt":{"rendered":"<p>Naulakko, jossa 4 ripustuskoukkua, on valkoiseksi maalattua MDF-levy\u00e4, koukut ruostumatonta ter\u00e4st\u00e4. Naulakon mitat: leveys 40 cm ja korkeus 6 cm. Naulakon taustapuolella on kiinnityskolot ruuveja varten.<\/p>\n","protected":false},"featured_media":18361,"comment_status":"closed","ping_status":"closed","template":"","meta":[],"product_brand":[],"product_cat":[150,360],"product_tag":[],"class_list":{"0":"post-18360","1":"product","2":"type-product","3":"status-publish","4":"has-post-thumbnail","6":"product_cat-kylpyhuone","7":"product_cat-pyyhekoukut-ja-tarvikkeet","9":"first","10":"instock","11":"taxable","12":"shipping-taxable","13":"purchasable","14":"product-type-simple"},"_links":{"self":[{"href":"https:\/\/www.ksttukku.fi\/kauppa\/wp-json\/wp\/v2\/product\/18360","targetHints":{"allow":["GET"]}}],"collection":[{"href":"https:\/\/www.ksttukku.fi\/kauppa\/wp-json\/wp\/v2\/product"}],"about":[{"href":"https:\/\/www.ksttukku.fi\/kauppa\/wp-json\/wp\/v2\/types\/product"}],"replies":[{"embeddable":true,"href":"https:\/\/www.ksttukku.fi\/kauppa\/wp-json\/wp\/v2\/comments?post=18360"}],"wp:featuredmedia":[{"embeddable":true,"href":"https:\/\/www.ksttukku.fi\/kauppa\/wp-json\/wp\/v2\/media\/18361"}],"wp:attachment":[{"href":"https:\/\/www.ksttukku.fi\/kauppa\/wp-json\/wp\/v2\/media?parent=18360"}],"wp:term":[{"taxonomy":"product_brand","embeddable":true,"href":"https:\/\/www.ksttukku.fi\/kauppa\/wp-json\/wp\/v2\/product_brand?post=18360"},{"taxonomy":"product_cat","embeddable":true,"href":"https:\/\/www.ksttukku.fi\/kauppa\/wp-json\/wp\/v2\/product_cat?post=18360"},{"taxonomy":"product_tag","embeddable":true,"href":"https:\/\/www.ksttukku.fi\/kauppa\/wp-json\/wp\/v2\/product_tag?post=18360"}],"curies":[{"name":"wp","href":"https:\/\/api.w.org\/{rel}","templated":true}]}}